{"id":19028,"date":"2023-04-05T15:49:14","date_gmt":"2023-04-05T20:49:14","guid":{"rendered":"https:\/\/www.loreillemusclee.com\/?page_id=19028"},"modified":"2026-02-14T15:46:33","modified_gmt":"2026-02-14T19:46:33","slug":"reservation","status":"publish","type":"page","link":"https:\/\/www.loreillemusclee.com\/en\/reservation\/","title":{"rendered":"Booking"},"content":{"rendered":"<p>[et_pb_section fb_built=\u00a0\u00bb1&Prime; admin_label=\u00a0\u00bbsection\u00a0\u00bb _builder_version=\u00a0\u00bb4.16&Prime; global_colors_info=\u00a0\u00bb{}\u00a0\u00bb][et_pb_row admin_label=\u00a0\u00bbrow\u00a0\u00bb _builder_version=\u00a0\u00bb4.16&Prime; background_size=\u00a0\u00bbinitial\u00a0\u00bb background_position=\u00a0\u00bbtop_left\u00a0\u00bb background_repeat=\u00a0\u00bbrepeat\u00a0\u00bb global_colors_info=\u00a0\u00bb{}\u00a0\u00bb][et_pb_column type=\u00a0\u00bb4_4&Prime; _builder_version=\u00a0\u00bb4.16&Prime; custom_padding=\u00a0\u00bb|||\u00a0\u00bb global_colors_info=\u00a0\u00bb{}\u00a0\u00bb custom_padding__hover=\u00a0\u00bb|||\u00a0\u00bb][et_pb_divider _builder_version=\u00a0\u00bb4.20.2&Prime; _module_preset=\u00a0\u00bbdefault\u00a0\u00bb global_colors_info=\u00a0\u00bb{}\u00a0\u00bb][\/et_pb_divider][et_pb_text admin_label=\u00a0\u00bbmarche \u00e0 suivre\u00a0\u00bb _builder_version=\u00a0\u00bb4.27.5&Prime; _module_preset=\u00a0\u00bbdefault\u00a0\u00bb hover_enabled=\u00a0\u00bb0&Prime; global_colors_info=\u00a0\u00bb{}\u00a0\u00bb sticky_enabled=\u00a0\u00bb0&Prime;]<\/p>\n<div><b>\u266a\u266b Pour r\u00e9server un service\u266a\u266b<\/b><\/div>\n<div>Avant de confirmer votre inscription en ligne, nous vous invitons \u00e0 communiquer avec notre \u00e9quipe afin de discuter des d\u00e9tails concernant le service de votre choix. Horaire des appels : du lundi au jeudi, de 11 h \u00e0 13 h de pr\u00e9f\u00e9rence ou laissez-nous un message texto ou vocal, nous communiquerons avec vous rapidement. T\u00e9l\u00e9phone : 514-418-1511<\/div>\n<div>\u00a0<\/div>\n<div><b>Dans le menu d\u00e9roulant :<br \/><\/b><\/div>\n<div>\u00a0<\/div>\n<div>1- <b>Choisissez le<\/b> <strong>service<\/strong>. La personne ressource et l&#8217;emplacement (par d\u00e9faut).<\/div>\n<div>2- <b>Ajoutez<\/b> les options associ\u00e9es au service.<\/div>\n<div>3- <b>S\u00e9lectionnez<\/b> la date et l&rsquo;heure d\u00e9sir\u00e9es dans le calendrier du service demand\u00e9.<\/div>\n<div>4-<strong> Entrez vos coordonn\u00e9es<\/strong> (elles demeurent confidentielles).<\/div>\n<div>5-<strong> Lisez les conditions g\u00e9n\u00e9rales <a href=\"https:\/\/www.loreillemusclee.com\/conditions\/\">COURS<\/a><\/strong> \/ <strong><a href=\"https:\/\/www.loreillemusclee.com\/conditions-pratiques\/\">STUDIO<\/a><\/strong>; en cliquant dessus, une autre fen\u00eatre s&rsquo;ouvrira.<\/div>\n<div>6- <strong>Sommaire; <\/strong>ajoutez le<strong> Code Promo<\/strong> (lorsque vous en avez un).<strong><br \/><\/strong><\/div>\n<div>7- <strong>Finalisez la demande<\/strong> d&rsquo;information de facturation.<\/div>\n<div>8- <strong>Commandez en payant le service<\/strong> par carte de cr\u00e9dit.<\/div>\n<div>\u00a0<\/div>\n<div><b> \u266a\u266b Lorsque votre commande est compl\u00e9t\u00e9e et envoy\u00e9e&#8230;<\/b><b>deux notifications par courriel suivront<\/b>.<b> \u266a\u266b<\/b><\/div>\n<div>\n<p><strong>NOTIFICATION * 1<\/strong>\u00a0 <b>En Attente<\/b>\u00a0 Votre demande demeure en attente jusqu&rsquo;\u00e0 ce que le membre responsable du service communique avec vous.<\/p>\n<\/div>\n<p><strong>NOTIFICATION * 2<\/strong>\u00a0 <b>Approuv\u00e9<\/b>\u00a0 Votre rendez-vous est confirm\u00e9 lorsque tous les d\u00e9tails auront \u00e9t\u00e9 confirm\u00e9 par le membre responsable du service.<\/p>\n<p>[\/et_pb_text][et_pb_divider _builder_version=\u00a0\u00bb4.21.0&Prime; _module_preset=\u00a0\u00bbdefault\u00a0\u00bb global_colors_info=\u00a0\u00bb{}\u00a0\u00bb][\/et_pb_divider][divi_step_booking booking_params=\u00a0\u00bboff\u00a0\u00bb in_dialog=\u00a0\u00bbon\u00a0\u00bb _builder_version=\u00a0\u00bb4.27.4&Prime; _module_preset=\u00a0\u00bbdefault\u00a0\u00bb global_colors_info=\u00a0\u00bb{}\u00a0\u00bb][\/divi_step_booking][\/et_pb_column][\/et_pb_row][\/et_pb_section]<\/p>\n","protected":false},"excerpt":{"rendered":"<p>\u266a\u266b Pour r\u00e9server un service\u266a\u266b Avant de confirmer votre inscription en ligne, nous vous invitons \u00e0 communiquer avec notre \u00e9quipe afin de discuter des d\u00e9tails concernant le service de votre choix. Horaire des appels : du lundi au jeudi, de 11 h \u00e0 13 h de pr\u00e9f\u00e9rence ou laissez-nous un message texto ou vocal, nous [&hellip;]<\/p>\n","protected":false},"author":1,"featured_media":0,"parent":0,"menu_order":0,"comment_status":"closed","ping_status":"closed","template":"","meta":{"_et_pb_use_builder":"on","_et_pb_old_content":"","_et_gb_content_width":"","footnotes":""},"class_list":["post-19028","page","type-page","status-publish","hentry"],"_links":{"self":[{"href":"https:\/\/www.loreillemusclee.com\/en\/wp-json\/wp\/v2\/pages\/19028","targetHints":{"allow":["GET"]}}],"collection":[{"href":"https:\/\/www.loreillemusclee.com\/en\/wp-json\/wp\/v2\/pages"}],"about":[{"href":"https:\/\/www.loreillemusclee.com\/en\/wp-json\/wp\/v2\/types\/page"}],"author":[{"embeddable":true,"href":"https:\/\/www.loreillemusclee.com\/en\/wp-json\/wp\/v2\/users\/1"}],"replies":[{"embeddable":true,"href":"https:\/\/www.loreillemusclee.com\/en\/wp-json\/wp\/v2\/comments?post=19028"}],"version-history":[{"count":34,"href":"https:\/\/www.loreillemusclee.com\/en\/wp-json\/wp\/v2\/pages\/19028\/revisions"}],"predecessor-version":[{"id":24538,"href":"https:\/\/www.loreillemusclee.com\/en\/wp-json\/wp\/v2\/pages\/19028\/revisions\/24538"}],"wp:attachment":[{"href":"https:\/\/www.loreillemusclee.com\/en\/wp-json\/wp\/v2\/media?parent=19028"}],"curies":[{"name":"wp","href":"https:\/\/api.w.org\/{rel}","templated":true}]}}