{"id":19326,"date":"2023-05-08T10:29:18","date_gmt":"2023-05-08T14:29:18","guid":{"rendered":"https:\/\/www.loreillemusclee.com\/?page_id=19326"},"modified":"2024-10-02T17:54:36","modified_gmt":"2024-10-02T21:54:36","slug":"conditions-pratiques","status":"publish","type":"page","link":"https:\/\/www.loreillemusclee.com\/en\/conditions-pratiques\/","title":{"rendered":"Conditions-pratiques"},"content":{"rendered":"<p>[et_pb_section fb_built=\u00a0\u00bb1&Prime; fullwidth=\u00a0\u00bbon\u00a0\u00bb _builder_version=\u00a0\u00bb4.16&Prime; global_colors_info=\u00a0\u00bb{}\u00a0\u00bb][\/et_pb_section][et_pb_section fb_built=\u00a0\u00bb1&Prime; _builder_version=\u00a0\u00bb4.16&Prime; _module_preset=\u00a0\u00bbdefault\u00a0\u00bb background_color=\u00a0\u00bb#000000&Prime; global_colors_info=\u00a0\u00bb{}\u00a0\u00bb][et_pb_row _builder_version=\u00a0\u00bb4.16&Prime; _module_preset=\u00a0\u00bbdefault\u00a0\u00bb global_colors_info=\u00a0\u00bb{}\u00a0\u00bb][et_pb_column type=\u00a0\u00bb4_4&Prime; _builder_version=\u00a0\u00bb4.16&Prime; _module_preset=\u00a0\u00bbdefault\u00a0\u00bb global_colors_info=\u00a0\u00bb{}\u00a0\u00bb][et_pb_divider show_divider=\u00a0\u00bboff\u00a0\u00bb admin_label=\u00a0\u00bbS\u00e9parateur\u00a0\u00bb _builder_version=\u00a0\u00bb4.20.4&Prime; global_colors_info=\u00a0\u00bb{}\u00a0\u00bb][\/et_pb_divider][et_pb_toggle title=\u00a0\u00bbCONDITIONS G\u00c9N\u00c9RALES &#8211; STUDIOS DE PRATIQUE \u00a0\u00bb open=\u00a0\u00bbon\u00a0\u00bb open_toggle_background_color=\u00a0\u00bb#ffffff\u00a0\u00bb closed_toggle_text_color=\u00a0\u00bb#ffffff\u00a0\u00bb icon_color=\u00a0\u00bb#FFFFFF\u00a0\u00bb open_icon_color=\u00a0\u00bb#FFFFFF\u00a0\u00bb admin_label=\u00a0\u00bbLocations &#8211; Conditions mise \u00e0 jour 20-11-2023&Prime; _builder_version=\u00a0\u00bb4.27.0&Prime; title_font_size=\u00a0\u00bb22px\u00a0\u00bb closed_title_text_align=\u00a0\u00bbleft\u00a0\u00bb closed_title_font_size=\u00a0\u00bb22px\u00a0\u00bb background_color=\u00a0\u00bb#000000&Prime; hover_enabled=\u00a0\u00bb0&Prime; border_width_all=\u00a0\u00bb0px\u00a0\u00bb global_colors_info=\u00a0\u00bb{}\u00a0\u00bb sticky_enabled=\u00a0\u00bb0&Prime;]<\/p>\n<p><span style=\"color: #000000;\">Merci de porter une attention particuli\u00e8re aux conditions d&rsquo;utilisation des studios et de partager ce message aux membres du groupe.<\/span><\/p>\n<p><span style=\"color: #000000;\">Afin de contribuer personnellement au bon fonctionnement des lieux et des \u00e9quipements. Chacun devient responsable et autonome sur les lieux des studios. \ud83d\ude0a<\/span><\/p>\n<p><span style=\"color: #000000;\">Le jour de la r\u00e9servation des studios. \ud83d\udc4d<\/span><\/p>\n<p><span style=\"color: #000000;\"><u>Tarif de r\u00e9servation<\/u><\/span><\/p>\n<ul>\n<li><span style=\"color: #000000;\">Il est payable le jour m\u00eame de la r\u00e9servation en ligne par carte de cr\u00e9dit et\/ou virement bancaire Interac.\u00a0 \ud83d\ude42<\/span><\/li>\n<\/ul>\n<p><span style=\"color: #000000;\"><u>Coordonn\u00e9es personnelles<\/u><\/span><\/p>\n<ul>\n<li><span style=\"color: #000000;\">Elles demeurent confidentielles et \u00e0 l\u2019usage des assurances, de la s\u00e9curit\u00e9 des lieux ainsi que de la programmation de la carte d\u2019acc\u00e8s personnelle. \ud83d\ude42<\/span><\/li>\n<\/ul>\n<p><span style=\"color: #000000;\"><u>\u00c9tape d\u2019identification de chaque membre<\/u><\/span><\/p>\n<ul>\n<li><span style=\"color: #000000;\">Pr\u00e9nom et nom du membre<\/span><\/li>\n<li><span style=\"color: #000000;\">Num\u00e9ro de t\u00e9l\u00e9phone<\/span><\/li>\n<li>Adresse \u00e0 domicile<\/li>\n<li><span style=\"color: #000000;\">Courriel (si d\u00e9sir\u00e9)<\/span><\/li>\n<\/ul>\n<p><span style=\"color: #000000;\">Pour g\u00e9rer l&rsquo;ouverture de la porte principale, \ud83d\udc4d<\/span><\/p>\n<p><span style=\"color: #000000;\">Une cl\u00e9 d\u2019acc\u00e8s est remise au membre responsable du groupe qui demande aux autres membres de communiquer avec lui par cell\/texto. Il y a la sonnette (si n\u00e9cessaire). \ud83d\ude42<\/span><\/p>\n<p><span style=\"color: #000000;\">Chaque membre du groupe peut aussi demander sa propre cl\u00e9 d\u2019acc\u00e8s personnelle afin de circuler et d\u2019acc\u00e9der aux studios de fa\u00e7on autonome.<\/span><\/p>\n<p><span style=\"color: #000000;\">10$ de d\u00e9p\u00f4t remboursable est demand\u00e9 pour la cl\u00e9 d\u2019acc\u00e8s. En cas de perte, 10$ pour une nouvelle. Au retour d\u2019une cl\u00e9 intacte, les administrateurs des studios remboursent 10$ \ud83d\ude42<\/span><\/p>\n<p><span style=\"color: #000000;\">Le respect est demand\u00e9 en tout temps sur les lieux. \ud83d\udc4d<\/span><\/p>\n<ul>\n<li aria-level=\"1\"><span style=\"color: #000000;\">Gr\u00e2ce \u00e0 un syst\u00e8me de carte d&rsquo;acc\u00e8s et d&rsquo;une cam\u00e9ra, l&rsquo;acc\u00e8s \u00e0 la b\u00e2tisse peut avoir lieu \u00e0 compter de 5 minutes avant l&rsquo;heure de r\u00e9servation. Il est demand\u00e9 de quitter les lieux au plus tard 15 minutes apr\u00e8s la fin de la r\u00e9servation. Pour tout prolongement d&rsquo;une r\u00e9servation, merci de signaler votre demande en ligne https:\/\/www.loreillemusclee.com\/reservation\/ ou par texto 514-418-1511<\/span><\/li>\n<li aria-level=\"1\"><span style=\"color: #000000;\">Tout changement dans le groupe, comme un nouveau membre doit \u00eatre signal\u00e9e par texto au 514-418-1511.<\/span><\/li>\n<li aria-level=\"1\"><span style=\"color: #000000;\">Seuls les membres du groupe sont autoris\u00e9s \u00e0 circuler dans le studio. Les personnes qui accompagnent un membre du groupe devront \u00eatre signal\u00e9es par texto au 514-418-1511.<\/span><\/li>\n<li aria-level=\"1\"><span style=\"color: #000000;\">Mat\u00e9riel et \u00e9quipements fournis. Merci d\u2019aviser les administrateurs en cas de d\u00e9faut de fonctionnement ou de bris des \u00e9quipements.<\/span><\/li>\n<li aria-level=\"1\"><span style=\"color: #000000;\">Le membre utilisateur qui endommage un \u00e9quipement mis \u00e0 sa disposition, s\u2019engage \u00e0 le signaler les dommages aux administrateurs et \u00e0 d\u00e9bourser, en cas de bris plus important, la valeur \u00e0 neuf ou le co\u00fbt de r\u00e9paration charg\u00e9e par le fournisseur de services de maintenance.<\/span><\/li>\n<li aria-level=\"1\"><span style=\"color: #000000;\">L&rsquo;App Globe permet d&rsquo;allumer et d&rsquo;\u00e9teindre les \u00e9quipements. Pour ce faire, il faut t\u00e9l\u00e9charger et s\u2019inscrire \u00e0 l\u2019App. Ensuite, \u00e0 partir du lien de partage qui sera transmis, il est possible de contr\u00f4ler le fonctionnement des haut-parleurs, \u00e9clairages et de la console \u00e0 partir de l\u2019App. \ud83d\ude42<\/span><\/li>\n<li aria-level=\"1\"><span style=\"color: #000000;\">Voisinage. Il est fortement recommand\u00e9 de maintenir les fen\u00eatres ferm\u00e9es en cas de musique avec du drum.<\/span><\/li>\n<\/ul>\n<p><span style=\"color: #000000;\">Le savoir \u00eatre. \ud83d\udc4d<\/span><\/p>\n<ul>\n<li aria-level=\"1\"><span style=\"color: #000000;\">Dans les studios, il est strictement interdit de boire de l&rsquo;alcool, des boissons sucr\u00e9es, de manger, fumer et vapoter et fl\u00e2ner sur les lieux \ud83d\ude42 Seule une gourde d\u2019eau sera tol\u00e9r\u00e9e.<\/span><\/li>\n<li aria-level=\"1\"><span style=\"color: #000000;\">La bonne attitude et la courtoisie envers les autres personnes qui partagent les studios de pratique et d\u2019enregistrement sont essentielles.<\/span><\/li>\n<\/ul>\n<p><span style=\"color: #000000;\">L&rsquo;hygi\u00e8ne et la propret\u00e9 des lieux. \ud83d\udc4d<\/span><\/p>\n<ul>\n<li aria-level=\"1\"><span style=\"color: #000000;\">Pour circuler \u00e0 l&rsquo;int\u00e9rieur dans les escaliers, les couloirs et les studios. Les souliers d&rsquo;ext\u00e9rieurs sont retir\u00e9s \u00e0 l\u2019entr\u00e9e et il est demand\u00e9 de porter des souliers d&rsquo;int\u00e9rieurs propres ou des pantoufles en tout temps.\ud83d\ude0a<\/span><\/li>\n<li aria-level=\"1\"><span style=\"color: #000000;\">Le lavage de mains et jeter vos d\u00e9chets dans la poubelle de la ville \u00e0 l&rsquo;ext\u00e9rieur sur la rue Notre-Dame sont aussi recommand\u00e9s. \ud83d\ude0b<\/span><\/li>\n<\/ul>\n<p><span style=\"color: #000000;\">\u00c0 la fin d&rsquo;une pratique ou d\u2019un enregistrement,\ud83d\udc4d<\/span><\/p>\n<ul>\n<li aria-level=\"1\"><span style=\"color: #000000;\">Il est sugg\u00e9r\u00e9 d\u2019a\u00e9rer le studio en ouvrant la fen\u00eatre pour faire circuler l&rsquo;air et d\u2019allumer le climatiseur quelques minutes avant de partir. Puis de l\u2019\u00e9teindre. \ud83d\ude00<\/span><\/li>\n<li aria-level=\"1\"><span style=\"color: #000000;\">Pensez aux prochains utilisateurs. Merci de replacer les chaises, tables, pieds (stands), lutrins \u00e0 leur position initiale. \ud83d\ude09<\/span><\/li>\n<li aria-level=\"1\"><span style=\"color: #000000;\">Les lumi\u00e8res demeurent allum\u00e9s 24h\/24h.<\/span><\/li>\n<li aria-level=\"1\"><span style=\"color: #000000;\">Refermer toutes les portes avant de quitter les lieux.<\/span><\/li>\n<\/ul>\n<p><span style=\"color: #000000;\">Les administrateurs se r\u00e9servent le droit de refuser une r\u00e9servation au groupe\/membre qui nuit au bon fonctionnement des studios de r\u00e9p\u00e9tition et d\u2019enregistrement. \ud83d\ude03<\/span><\/p>\n<p><span style=\"color: #000000;\">Communications: pour toute question sur le fonctionnement des \u00e9quipements, texter votre demande au 514-418-1511.<\/span><\/p>\n<p><span style=\"color: #000000;\">Pour toute autre question, merci de nous rejoindre par t\u00e9l\u00e9phone au 514-418-11511. \ud83d\ude03<\/span><\/p>\n<p><span style=\"color: #000000;\">Votre collaboration est fortement appr\u00e9ci\u00e9e. Merci d&rsquo;\u00eatre l\u00e0 et bonne pratique! \ud83d\ude00<\/span><\/p>\n<p>[\/et_pb_toggle][et_pb_divider show_divider=\u00a0\u00bboff\u00a0\u00bb admin_label=\u00a0\u00bbS\u00e9parateur\u00a0\u00bb _builder_version=\u00a0\u00bb4.20.4&Prime; global_colors_info=\u00a0\u00bb{}\u00a0\u00bb][\/et_pb_divider][\/et_pb_column][\/et_pb_row][\/et_pb_section]<\/p>\n","protected":false},"excerpt":{"rendered":"<p>Merci de porter une attention particuli\u00e8re aux conditions d&rsquo;utilisation des studios et de partager ce message aux membres du groupe. Afin de contribuer personnellement au bon fonctionnement des lieux et des \u00e9quipements. Chacun devient responsable et autonome sur les lieux des studios. \ud83d\ude0a Le jour de la r\u00e9servation des studios. \ud83d\udc4d Tarif de r\u00e9servation Il [&hellip;]<\/p>\n","protected":false},"author":1,"featured_media":0,"parent":0,"menu_order":0,"comment_status":"closed","ping_status":"closed","template":"","meta":{"_et_pb_use_builder":"on","_et_pb_old_content":"","_et_gb_content_width":"","footnotes":""},"class_list":["post-19326","page","type-page","status-publish","hentry"],"_links":{"self":[{"href":"https:\/\/www.loreillemusclee.com\/en\/wp-json\/wp\/v2\/pages\/19326","targetHints":{"allow":["GET"]}}],"collection":[{"href":"https:\/\/www.loreillemusclee.com\/en\/wp-json\/wp\/v2\/pages"}],"about":[{"href":"https:\/\/www.loreillemusclee.com\/en\/wp-json\/wp\/v2\/types\/page"}],"author":[{"embeddable":true,"href":"https:\/\/www.loreillemusclee.com\/en\/wp-json\/wp\/v2\/users\/1"}],"replies":[{"embeddable":true,"href":"https:\/\/www.loreillemusclee.com\/en\/wp-json\/wp\/v2\/comments?post=19326"}],"version-history":[{"count":12,"href":"https:\/\/www.loreillemusclee.com\/en\/wp-json\/wp\/v2\/pages\/19326\/revisions"}],"predecessor-version":[{"id":20900,"href":"https:\/\/www.loreillemusclee.com\/en\/wp-json\/wp\/v2\/pages\/19326\/revisions\/20900"}],"wp:attachment":[{"href":"https:\/\/www.loreillemusclee.com\/en\/wp-json\/wp\/v2\/media?parent=19326"}],"curies":[{"name":"wp","href":"https:\/\/api.w.org\/{rel}","templated":true}]}}