{"id":19637,"date":"2023-09-20T11:09:58","date_gmt":"2023-09-20T15:09:58","guid":{"rendered":"https:\/\/www.loreillemusclee.com\/?page_id=19637"},"modified":"2023-09-20T11:44:15","modified_gmt":"2023-09-20T15:44:15","slug":"technicien-de-scene","status":"publish","type":"page","link":"https:\/\/www.loreillemusclee.com\/en\/technicien-de-scene\/","title":{"rendered":"Technicien de sc\u00e8ne"},"content":{"rendered":"<p>[et_pb_section fb_built=\u00a0\u00bb1&Prime; fullwidth=\u00a0\u00bbon\u00a0\u00bb _builder_version=\u00a0\u00bb4.22.1&Prime; _module_preset=\u00a0\u00bbdefault\u00a0\u00bb global_colors_info=\u00a0\u00bb{}\u00a0\u00bb][et_pb_fullwidth_header title=\u00a0\u00bbTechnicien de sc\u00e8ne\u00a0\u00bb admin_label=\u00a0\u00bbLocation de mat\u00e9riel banni\u00e8re orange\u00a0\u00bb _builder_version=\u00a0\u00bb4.22.1&Prime; _module_preset=\u00a0\u00bbdefault\u00a0\u00bb global_colors_info=\u00a0\u00bb{}\u00a0\u00bb][\/et_pb_fullwidth_header][\/et_pb_section][et_pb_section fb_built=\u00a0\u00bb1&Prime; fullwidth=\u00a0\u00bbon\u00a0\u00bb _builder_version=\u00a0\u00bb4.22.1&Prime; _module_preset=\u00a0\u00bbdefault\u00a0\u00bb global_colors_info=\u00a0\u00bb{}\u00a0\u00bb][et_pb_fullwidth_image src=\u00a0\u00bbhttps:\/\/www.loreillemusclee.com\/wp-content\/uploads\/2023\/09\/technicien-de-scene.jpg\u00a0\u00bb title_text=\u00a0\u00bbtechnicien de sc\u00e8ne\u00a0\u00bb _builder_version=\u00a0\u00bb4.22.1&Prime; _module_preset=\u00a0\u00bbdefault\u00a0\u00bb module_alignment=\u00a0\u00bbcenter\u00a0\u00bb hover_enabled=\u00a0\u00bb0&Prime; global_colors_info=\u00a0\u00bb{}\u00a0\u00bb width=\u00a0\u00bb80%\u00a0\u00bb sticky_enabled=\u00a0\u00bb0&Prime;][\/et_pb_fullwidth_image][\/et_pb_section][et_pb_section fb_built=\u00a0\u00bb1&Prime; _builder_version=\u00a0\u00bb4.22.1&Prime; _module_preset=\u00a0\u00bbdefault\u00a0\u00bb global_colors_info=\u00a0\u00bb{}\u00a0\u00bb][et_pb_row _builder_version=\u00a0\u00bb4.22.1&Prime; _module_preset=\u00a0\u00bbdefault\u00a0\u00bb global_colors_info=\u00a0\u00bb{}\u00a0\u00bb][et_pb_column type=\u00a0\u00bb4_4&Prime; _builder_version=\u00a0\u00bb4.22.1&Prime; _module_preset=\u00a0\u00bbdefault\u00a0\u00bb global_colors_info=\u00a0\u00bb{}\u00a0\u00bb][et_pb_text admin_label=\u00a0\u00bbtexte description tarif technicien de sc\u00e8ne\u00a0\u00bb _builder_version=\u00a0\u00bb4.22.1&Prime; _module_preset=\u00a0\u00bbdefault\u00a0\u00bb hover_enabled=\u00a0\u00bb0&Prime; global_colors_info=\u00a0\u00bb{}\u00a0\u00bb sticky_enabled=\u00a0\u00bb0&Prime;]<\/p>\n<h2>\u00a0<\/h2>\n<h2 style=\"text-align: left;\">Pour votre \u00e9v\u00e9nement<\/h2>\n<p style=\"text-align: left;\">Tarif de base 150$ (75$ pour 1h de montage et 75$ pour 1 heure de d\u00e9montage)<\/p>\n<p style=\"text-align: left;\"><strong>+ 50$ par heure additionnelle au montage et d\u00e9montage.<\/strong><\/p>\n<p style=\"text-align: left;\">0,40$ du km frais de transport sur l&rsquo;\u00eele de Montr\u00e9al<\/p>\n<p style=\"text-align: left;\"><strong>Facultatif<\/strong><\/p>\n<p style=\"text-align: left;\"><strong>+ 150$ (console et enregistrement) <\/strong><\/p>\n<p style=\"text-align: left;\">Inclut l&rsquo;enregistrement (volume balanc\u00e9) de votre \u00e9v\u00e9nement\/concert en fichier wav ou mp3<\/p>\n<p style=\"text-align: left;\">Frais de mixage \/ effets sp\u00e9ciaux (en suppl\u00e9ment)<\/p>\n<h2 style=\"text-align: left;\">Pour plus d&rsquo;infos, nous joindre. Merci!<\/h2>\n<p style=\"text-align: left;\">[\/et_pb_text][\/et_pb_column][\/et_pb_row][\/et_pb_section]<\/p>\n","protected":false},"excerpt":{"rendered":"<p>\u00a0 Pour votre \u00e9v\u00e9nement Tarif de base 150$ (75$ pour 1h de montage et 75$ pour 1 heure de d\u00e9montage) + 50$ par heure additionnelle au montage et d\u00e9montage. 0,40$ du km frais de transport sur l&rsquo;\u00eele de Montr\u00e9al Facultatif + 150$ (console et enregistrement) Inclut l&rsquo;enregistrement (volume balanc\u00e9) de votre \u00e9v\u00e9nement\/concert en fichier wav [&hellip;]<\/p>\n","protected":false},"author":1,"featured_media":19646,"parent":0,"menu_order":0,"comment_status":"closed","ping_status":"closed","template":"","meta":{"_et_pb_use_builder":"on","_et_pb_old_content":"","_et_gb_content_width":"","footnotes":""},"class_list":["post-19637","page","type-page","status-publish","has-post-thumbnail","hentry"],"_links":{"self":[{"href":"https:\/\/www.loreillemusclee.com\/en\/wp-json\/wp\/v2\/pages\/19637","targetHints":{"allow":["GET"]}}],"collection":[{"href":"https:\/\/www.loreillemusclee.com\/en\/wp-json\/wp\/v2\/pages"}],"about":[{"href":"https:\/\/www.loreillemusclee.com\/en\/wp-json\/wp\/v2\/types\/page"}],"author":[{"embeddable":true,"href":"https:\/\/www.loreillemusclee.com\/en\/wp-json\/wp\/v2\/users\/1"}],"replies":[{"embeddable":true,"href":"https:\/\/www.loreillemusclee.com\/en\/wp-json\/wp\/v2\/comments?post=19637"}],"version-history":[{"count":10,"href":"https:\/\/www.loreillemusclee.com\/en\/wp-json\/wp\/v2\/pages\/19637\/revisions"}],"predecessor-version":[{"id":19657,"href":"https:\/\/www.loreillemusclee.com\/en\/wp-json\/wp\/v2\/pages\/19637\/revisions\/19657"}],"wp:featuredmedia":[{"embeddable":true,"href":"https:\/\/www.loreillemusclee.com\/en\/wp-json\/wp\/v2\/media\/19646"}],"wp:attachment":[{"href":"https:\/\/www.loreillemusclee.com\/en\/wp-json\/wp\/v2\/media?parent=19637"}],"curies":[{"name":"wp","href":"https:\/\/api.w.org\/{rel}","templated":true}]}}