{"id":22014,"date":"2025-03-05T16:00:19","date_gmt":"2025-03-05T21:00:19","guid":{"rendered":"https:\/\/www.loreillemusclee.com\/?page_id=22014"},"modified":"2025-03-05T16:01:40","modified_gmt":"2025-03-05T21:01:40","slug":"cours-de-musique-en-ligne-personnalises","status":"publish","type":"page","link":"https:\/\/www.loreillemusclee.com\/en\/cours-de-musique-en-ligne-personnalises\/","title":{"rendered":"Cours de musique en ligne personnalis\u00e9s"},"content":{"rendered":"<p>[et_pb_section fb_built=\u00a0\u00bb1&Prime; fullwidth=\u00a0\u00bbon\u00a0\u00bb _builder_version=\u00a0\u00bb4.16&Prime; global_colors_info=\u00a0\u00bb{}\u00a0\u00bb][et_pb_fullwidth_header title=\u00a0\u00bbCours en ligne personnalis\u00e9s\u00a0\u00bb subhead=\u00a0\u00bbApprenez \u00e0 votre rythme avec un enseignant ou des vid\u00e9os pr\u00e9enregistr\u00e9es\u00a0\u00bb admin_label=\u00a0\u00bb\u00c9cole de musique en ligne banni\u00e8re\u00a0\u00bb _builder_version=\u00a0\u00bb4.27.4&Prime; content_font_size=\u00a0\u00bb20px\u00a0\u00bb subhead_font_size=\u00a0\u00bb20px\u00a0\u00bb background_color=\u00a0\u00bb#f15a22&Prime; z_index_tablet=\u00a0\u00bb500&Prime; title_text_shadow_horizontal_length_tablet=\u00a0\u00bb0px\u00a0\u00bb title_text_shadow_vertical_length_tablet=\u00a0\u00bb0px\u00a0\u00bb title_text_shadow_blur_strength_tablet=\u00a0\u00bb1px\u00a0\u00bb content_text_shadow_horizontal_length_tablet=\u00a0\u00bb0px\u00a0\u00bb content_text_shadow_vertical_length_tablet=\u00a0\u00bb0px\u00a0\u00bb content_text_shadow_blur_strength_tablet=\u00a0\u00bb1px\u00a0\u00bb subhead_text_shadow_horizontal_length_tablet=\u00a0\u00bb0px\u00a0\u00bb subhead_text_shadow_vertical_length_tablet=\u00a0\u00bb0px\u00a0\u00bb subhead_text_shadow_blur_strength_tablet=\u00a0\u00bb1px\u00a0\u00bb content_link_text_shadow_horizontal_length_tablet=\u00a0\u00bb0px\u00a0\u00bb content_link_text_shadow_vertical_length_tablet=\u00a0\u00bb0px\u00a0\u00bb content_link_text_shadow_blur_strength_tablet=\u00a0\u00bb1px\u00a0\u00bb content_ul_text_shadow_horizontal_length_tablet=\u00a0\u00bb0px\u00a0\u00bb content_ul_text_shadow_vertical_length_tablet=\u00a0\u00bb0px\u00a0\u00bb content_ul_text_shadow_blur_strength_tablet=\u00a0\u00bb1px\u00a0\u00bb content_ol_text_shadow_horizontal_length_tablet=\u00a0\u00bb0px\u00a0\u00bb content_ol_text_shadow_vertical_length_tablet=\u00a0\u00bb0px\u00a0\u00bb content_ol_text_shadow_blur_strength_tablet=\u00a0\u00bb1px\u00a0\u00bb content_quote_text_shadow_horizontal_length_tablet=\u00a0\u00bb0px\u00a0\u00bb content_quote_text_shadow_vertical_length_tablet=\u00a0\u00bb0px\u00a0\u00bb content_quote_text_shadow_blur_strength_tablet=\u00a0\u00bb1px\u00a0\u00bb button_one_text_shadow_horizontal_length_tablet=\u00a0\u00bb0px\u00a0\u00bb button_one_text_shadow_vertical_length_tablet=\u00a0\u00bb0px\u00a0\u00bb button_one_text_shadow_blur_strength_tablet=\u00a0\u00bb1px\u00a0\u00bb button_two_text_shadow_horizontal_length_tablet=\u00a0\u00bb0px\u00a0\u00bb button_two_text_shadow_vertical_length_tablet=\u00a0\u00bb0px\u00a0\u00bb button_two_text_shadow_blur_strength_tablet=\u00a0\u00bb1px\u00a0\u00bb box_shadow_horizontal_tablet=\u00a0\u00bb0px\u00a0\u00bb box_shadow_vertical_tablet=\u00a0\u00bb0px\u00a0\u00bb box_shadow_blur_tablet=\u00a0\u00bb40px\u00a0\u00bb box_shadow_spread_tablet=\u00a0\u00bb0px\u00a0\u00bb box_shadow_horizontal_image_tablet=\u00a0\u00bb0px\u00a0\u00bb box_shadow_vertical_image_tablet=\u00a0\u00bb0px\u00a0\u00bb box_shadow_blur_image_tablet=\u00a0\u00bb40px\u00a0\u00bb box_shadow_spread_image_tablet=\u00a0\u00bb0px\u00a0\u00bb box_shadow_horizontal_button_one_tablet=\u00a0\u00bb0px\u00a0\u00bb box_shadow_vertical_button_one_tablet=\u00a0\u00bb0px\u00a0\u00bb box_shadow_blur_button_one_tablet=\u00a0\u00bb40px\u00a0\u00bb box_shadow_spread_button_one_tablet=\u00a0\u00bb0px\u00a0\u00bb box_shadow_horizontal_button_two_tablet=\u00a0\u00bb0px\u00a0\u00bb box_shadow_vertical_button_two_tablet=\u00a0\u00bb0px\u00a0\u00bb box_shadow_blur_button_two_tablet=\u00a0\u00bb40px\u00a0\u00bb box_shadow_spread_button_two_tablet=\u00a0\u00bb0px\u00a0\u00bb text_shadow_horizontal_length_tablet=\u00a0\u00bb0px\u00a0\u00bb text_shadow_vertical_length_tablet=\u00a0\u00bb0px\u00a0\u00bb text_shadow_blur_strength_tablet=\u00a0\u00bb1px\u00a0\u00bb button_one_letter_spacing_hover=\u00a0\u00bb0&Prime; button_two_letter_spacing_hover=\u00a0\u00bb0&Prime; saved_tabs=\u00a0\u00bball\u00a0\u00bb global_colors_info=\u00a0\u00bb{}\u00a0\u00bb][\/et_pb_fullwidth_header][\/et_pb_section][et_pb_section fb_built=\u00a0\u00bb1&Prime; _builder_version=\u00a0\u00bb4.20.4&Prime; background_enable_color=\u00a0\u00bboff\u00a0\u00bb global_colors_info=\u00a0\u00bb{}\u00a0\u00bb][et_pb_row column_structure=\u00a0\u00bb1_2,1_2&Prime; _builder_version=\u00a0\u00bb4.20.4&Prime; background_size=\u00a0\u00bbinitial\u00a0\u00bb background_position=\u00a0\u00bbtop_left\u00a0\u00bb background_repeat=\u00a0\u00bbrepeat\u00a0\u00bb global_colors_info=\u00a0\u00bb{}\u00a0\u00bb][et_pb_column type=\u00a0\u00bb1_2&Prime; _builder_version=\u00a0\u00bb4.16&Prime; custom_padding=\u00a0\u00bb|||\u00a0\u00bb global_colors_info=\u00a0\u00bb{}\u00a0\u00bb custom_padding__hover=\u00a0\u00bb|||\u00a0\u00bb][et_pb_divider show_divider=\u00a0\u00bboff\u00a0\u00bb _builder_version=\u00a0\u00bb4.20.4&Prime; global_colors_info=\u00a0\u00bb{}\u00a0\u00bb][\/et_pb_divider][et_pb_video src=\u00a0\u00bbhttps:\/\/www.loreillemusclee.com\/wp-content\/uploads\/2025\/02\/Film-Srikanth-presentation.mp4&Prime; image_src=\u00a0\u00bbhttps:\/\/www.loreillemusclee.com\/wp-content\/uploads\/2024\/09\/ukulele-1024&#215;1024-1.png\u00a0\u00bb _builder_version=\u00a0\u00bb4.27.4&Prime; _module_preset=\u00a0\u00bbdefault\u00a0\u00bb global_colors_info=\u00a0\u00bb{}\u00a0\u00bb][\/et_pb_video][et_pb_divider show_divider=\u00a0\u00bboff\u00a0\u00bb _builder_version=\u00a0\u00bb4.20.4&Prime; global_colors_info=\u00a0\u00bb{}\u00a0\u00bb][\/et_pb_divider][et_pb_tabs _builder_version=\u00a0\u00bb4.27.4&Prime; _module_preset=\u00a0\u00bbdefault\u00a0\u00bb global_colors_info=\u00a0\u00bb{}\u00a0\u00bb][et_pb_tab title=\u00a0\u00bbTh\u00e9orie musicale\u00a0\u00bb _builder_version=\u00a0\u00bb4.27.4&Prime; _module_preset=\u00a0\u00bbdefault\u00a0\u00bb global_colors_info=\u00a0\u00bb{}\u00a0\u00bb]<\/p>\n<p>Compr\u00e9hension des bases de la musique, incluant les notes, les intervalles, les gammes et les signatures rythmiques.<\/p>\n<p>[\/et_pb_tab][et_pb_tab title=\u00a0\u00bbJeu technique\u00a0\u00bb _builder_version=\u00a0\u00bb4.27.4&Prime; _module_preset=\u00a0\u00bbdefault\u00a0\u00bb global_colors_info=\u00a0\u00bb{}\u00a0\u00bb]<\/p>\n<p>D\u00e9veloppement de la dext\u00e9rit\u00e9 et de la pr\u00e9cision sur l\u2019instrument \u00e0 travers des exercices cibl\u00e9s.<\/p>\n<p>[\/et_pb_tab][et_pb_tab title=\u00a0\u00bbAccords\u00a0\u00bb _builder_version=\u00a0\u00bb4.27.4&Prime; _module_preset=\u00a0\u00bbdefault\u00a0\u00bb global_colors_info=\u00a0\u00bb{}\u00a0\u00bb]<\/p>\n<p>Apprentissage des accords de base et complexes, leurs positions et encha\u00eenements pour accompagner des morceaux.<\/p>\n<p>[\/et_pb_tab][et_pb_tab title=\u00a0\u00bbSolf\u00e8ge\u00a0\u00bb _builder_version=\u00a0\u00bb4.27.4&Prime; _module_preset=\u00a0\u00bbdefault\u00a0\u00bb global_colors_info=\u00a0\u00bb{}\u00a0\u00bb]<\/p>\n<p>Lecture et \u00e9criture des notes, rythmes et indications musicales pour une meilleure compr\u00e9hension des partitions.<\/p>\n<p>[\/et_pb_tab][et_pb_tab title=\u00a0\u00bbHarmonie\u00a0\u00bb _builder_version=\u00a0\u00bb4.27.4&Prime; _module_preset=\u00a0\u00bbdefault\u00a0\u00bb global_colors_info=\u00a0\u00bb{}\u00a0\u00bb]<\/p>\n<p>\u00c9tude des relations entre les accords, les progressions harmoniques et leur utilisation dans la composition et l\u2019improvisation.<\/p>\n<p>[\/et_pb_tab][et_pb_tab title=\u00a0\u00bbArrangements\u00a0\u00bb _builder_version=\u00a0\u00bb4.27.4&Prime; _module_preset=\u00a0\u00bbdefault\u00a0\u00bb global_colors_info=\u00a0\u00bb{}\u00a0\u00bb]<\/p>\n<p>Exploration des techniques pour adapter et enrichir un morceau en fonction de l\u2019instrumentation et du style.<\/p>\n<p>[\/et_pb_tab][et_pb_tab title=\u00a0\u00bbStyle musical \u00a0\u00bb _builder_version=\u00a0\u00bb4.27.4&Prime; _module_preset=\u00a0\u00bbdefault\u00a0\u00bb global_colors_info=\u00a0\u00bb{}\u00a0\u00bb]<\/p>\n<p>Analyse et pratique des caract\u00e9ristiques propres \u00e0 diff\u00e9rents genres (jazz, pop, classique, folk, etc.).<\/p>\n<p>[\/et_pb_tab][\/et_pb_tabs][et_pb_divider show_divider=\u00a0\u00bboff\u00a0\u00bb _builder_version=\u00a0\u00bb4.20.4&Prime; global_colors_info=\u00a0\u00bb{}\u00a0\u00bb][\/et_pb_divider][et_pb_text admin_label=\u00a0\u00bbInscription et demande d&rsquo;information\u00a0\u00bb _builder_version=\u00a0\u00bb4.27.4&Prime; text_text_color=\u00a0\u00bb#FFFFFF\u00a0\u00bb background_color=\u00a0\u00bb#f15a22&Prime; background_layout=\u00a0\u00bbdark\u00a0\u00bb custom_margin=\u00a0\u00bb2px|2px|2px|2px|false|false\u00a0\u00bb custom_padding=\u00a0\u00bb2px|2px|2px|2px|false|false\u00a0\u00bb link_option_url_new_window=\u00a0\u00bbon\u00a0\u00bb z_index_tablet=\u00a0\u00bb500&Prime; text_text_shadow_horizontal_length_tablet=\u00a0\u00bb0px\u00a0\u00bb text_text_shadow_vertical_length_tablet=\u00a0\u00bb0px\u00a0\u00bb text_text_shadow_blur_strength_tablet=\u00a0\u00bb1px\u00a0\u00bb link_text_shadow_horizontal_length_tablet=\u00a0\u00bb0px\u00a0\u00bb link_text_shadow_vertical_length_tablet=\u00a0\u00bb0px\u00a0\u00bb link_text_shadow_blur_strength_tablet=\u00a0\u00bb1px\u00a0\u00bb ul_text_shadow_horizontal_length_tablet=\u00a0\u00bb0px\u00a0\u00bb ul_text_shadow_vertical_length_tablet=\u00a0\u00bb0px\u00a0\u00bb ul_text_shadow_blur_strength_tablet=\u00a0\u00bb1px\u00a0\u00bb ol_text_shadow_horizontal_length_tablet=\u00a0\u00bb0px\u00a0\u00bb ol_text_shadow_vertical_length_tablet=\u00a0\u00bb0px\u00a0\u00bb ol_text_shadow_blur_strength_tablet=\u00a0\u00bb1px\u00a0\u00bb quote_text_shadow_horizontal_length_tablet=\u00a0\u00bb0px\u00a0\u00bb quote_text_shadow_vertical_length_tablet=\u00a0\u00bb0px\u00a0\u00bb quote_text_shadow_blur_strength_tablet=\u00a0\u00bb1px\u00a0\u00bb header_text_shadow_horizontal_length_tablet=\u00a0\u00bb0px\u00a0\u00bb header_text_shadow_vertical_length_tablet=\u00a0\u00bb0px\u00a0\u00bb header_text_shadow_blur_strength_tablet=\u00a0\u00bb1px\u00a0\u00bb header_2_text_shadow_horizontal_length_tablet=\u00a0\u00bb0px\u00a0\u00bb header_2_text_shadow_vertical_length_tablet=\u00a0\u00bb0px\u00a0\u00bb header_2_text_shadow_blur_strength_tablet=\u00a0\u00bb1px\u00a0\u00bb header_3_text_shadow_horizontal_length_tablet=\u00a0\u00bb0px\u00a0\u00bb header_3_text_shadow_vertical_length_tablet=\u00a0\u00bb0px\u00a0\u00bb header_3_text_shadow_blur_strength_tablet=\u00a0\u00bb1px\u00a0\u00bb header_4_text_shadow_horizontal_length_tablet=\u00a0\u00bb0px\u00a0\u00bb header_4_text_shadow_vertical_length_tablet=\u00a0\u00bb0px\u00a0\u00bb header_4_text_shadow_blur_strength_tablet=\u00a0\u00bb1px\u00a0\u00bb header_5_text_shadow_horizontal_length_tablet=\u00a0\u00bb0px\u00a0\u00bb header_5_text_shadow_vertical_length_tablet=\u00a0\u00bb0px\u00a0\u00bb header_5_text_shadow_blur_strength_tablet=\u00a0\u00bb1px\u00a0\u00bb header_6_text_shadow_horizontal_length_tablet=\u00a0\u00bb0px\u00a0\u00bb header_6_text_shadow_vertical_length_tablet=\u00a0\u00bb0px\u00a0\u00bb header_6_text_shadow_blur_strength_tablet=\u00a0\u00bb1px\u00a0\u00bb box_shadow_horizontal_tablet=\u00a0\u00bb0px\u00a0\u00bb box_shadow_vertical_tablet=\u00a0\u00bb0px\u00a0\u00bb box_shadow_blur_tablet=\u00a0\u00bb40px\u00a0\u00bb box_shadow_spread_tablet=\u00a0\u00bb0px\u00a0\u00bb global_colors_info=\u00a0\u00bb{}\u00a0\u00bb]<\/p>\n<h3><\/h3>\n<h2 style=\"text-align: center;\"><a href=\"https:\/\/www.loreillemusclee.com\/nous-joindre\/\"><strong>Inscription<\/strong><\/a><\/h2>\n<h5 style=\"text-align: center;\"><strong><a href=\"https:\/\/www.loreillemusclee.com\/nous-joindre\/\">DEMANDE D&rsquo;INFORMATION<\/a><\/strong><\/h5>\n<h5 style=\"text-align: center;\"><strong><a href=\"https:\/\/www.loreillemusclee.com\/reservation\/\">MENU COURS ET R\u00c9SERVATION<\/a><\/strong><\/h5>\n<p>&nbsp;<br \/>\n[\/et_pb_text][\/et_pb_column][et_pb_column type=\u00a0\u00bb1_2&Prime; _builder_version=\u00a0\u00bb4.16&Prime; custom_padding=\u00a0\u00bb|||\u00a0\u00bb global_colors_info=\u00a0\u00bb{}\u00a0\u00bb custom_padding__hover=\u00a0\u00bb|||\u00a0\u00bb][et_pb_divider show_divider=\u00a0\u00bboff\u00a0\u00bb _builder_version=\u00a0\u00bb4.20.4&Prime; global_colors_info=\u00a0\u00bb{}\u00a0\u00bb][\/et_pb_divider][et_pb_text admin_label=\u00a0\u00bbDescription g\u00e9n\u00e9rale des cours en ligne\u00a0\u00bb _builder_version=\u00a0\u00bb4.27.4&Prime; z_index_tablet=\u00a0\u00bb500&Prime; text_text_shadow_horizontal_length_tablet=\u00a0\u00bb0px\u00a0\u00bb text_text_shadow_vertical_length_tablet=\u00a0\u00bb0px\u00a0\u00bb text_text_shadow_blur_strength_tablet=\u00a0\u00bb1px\u00a0\u00bb link_text_shadow_horizontal_length_tablet=\u00a0\u00bb0px\u00a0\u00bb link_text_shadow_vertical_length_tablet=\u00a0\u00bb0px\u00a0\u00bb link_text_shadow_blur_strength_tablet=\u00a0\u00bb1px\u00a0\u00bb ul_text_shadow_horizontal_length_tablet=\u00a0\u00bb0px\u00a0\u00bb ul_text_shadow_vertical_length_tablet=\u00a0\u00bb0px\u00a0\u00bb ul_text_shadow_blur_strength_tablet=\u00a0\u00bb1px\u00a0\u00bb ol_text_shadow_horizontal_length_tablet=\u00a0\u00bb0px\u00a0\u00bb ol_text_shadow_vertical_length_tablet=\u00a0\u00bb0px\u00a0\u00bb ol_text_shadow_blur_strength_tablet=\u00a0\u00bb1px\u00a0\u00bb quote_text_shadow_horizontal_length_tablet=\u00a0\u00bb0px\u00a0\u00bb quote_text_shadow_vertical_length_tablet=\u00a0\u00bb0px\u00a0\u00bb quote_text_shadow_blur_strength_tablet=\u00a0\u00bb1px\u00a0\u00bb header_text_shadow_horizontal_length_tablet=\u00a0\u00bb0px\u00a0\u00bb header_text_shadow_vertical_length_tablet=\u00a0\u00bb0px\u00a0\u00bb header_text_shadow_blur_strength_tablet=\u00a0\u00bb1px\u00a0\u00bb header_2_text_shadow_horizontal_length_tablet=\u00a0\u00bb0px\u00a0\u00bb header_2_text_shadow_vertical_length_tablet=\u00a0\u00bb0px\u00a0\u00bb header_2_text_shadow_blur_strength_tablet=\u00a0\u00bb1px\u00a0\u00bb header_3_text_shadow_horizontal_length_tablet=\u00a0\u00bb0px\u00a0\u00bb header_3_text_shadow_vertical_length_tablet=\u00a0\u00bb0px\u00a0\u00bb header_3_text_shadow_blur_strength_tablet=\u00a0\u00bb1px\u00a0\u00bb header_4_text_shadow_horizontal_length_tablet=\u00a0\u00bb0px\u00a0\u00bb header_4_text_shadow_vertical_length_tablet=\u00a0\u00bb0px\u00a0\u00bb header_4_text_shadow_blur_strength_tablet=\u00a0\u00bb1px\u00a0\u00bb header_5_text_shadow_horizontal_length_tablet=\u00a0\u00bb0px\u00a0\u00bb header_5_text_shadow_vertical_length_tablet=\u00a0\u00bb0px\u00a0\u00bb header_5_text_shadow_blur_strength_tablet=\u00a0\u00bb1px\u00a0\u00bb header_6_text_shadow_horizontal_length_tablet=\u00a0\u00bb0px\u00a0\u00bb header_6_text_shadow_vertical_length_tablet=\u00a0\u00bb0px\u00a0\u00bb header_6_text_shadow_blur_strength_tablet=\u00a0\u00bb1px\u00a0\u00bb box_shadow_horizontal_tablet=\u00a0\u00bb0px\u00a0\u00bb box_shadow_vertical_tablet=\u00a0\u00bb0px\u00a0\u00bb box_shadow_blur_tablet=\u00a0\u00bb40px\u00a0\u00bb box_shadow_spread_tablet=\u00a0\u00bb0px\u00a0\u00bb global_colors_info=\u00a0\u00bb{}\u00a0\u00bb]<\/p>\n<h4><strong>Explorez nos cours de musique en ligne<\/strong><\/h4>\n<p>\u00c0 partir de 4 ans, plongez dans le monde de la musique et apprenez \u00e0 votre rythme. Nos <strong>cours de guitare, piano, chant, ukul\u00e9l\u00e9, basse, batterie, percussion, et violon<\/strong> sont con\u00e7us pour <strong>les enfants, les parents-enfants, et les adultes<\/strong>.<\/p>\n<p>Que vous choisissiez un <strong>cours en direct avec un enseignant<\/strong> ou une <strong>vid\u00e9o pr\u00e9enregistr\u00e9e<\/strong>, vous aurez acc\u00e8s \u00e0 une <strong>formation musicale compl\u00e8te<\/strong>, flexible et adapt\u00e9e \u00e0 vos pr\u00e9f\u00e9rences.<\/p>\n<p>Nos cours couvrent une vari\u00e9t\u00e9 de th\u00e8mes, tels que la <strong>th\u00e9orie musicale, jeu technique, accords, solf\u00e8ge, harmonie, arrangements, styles musicaux, qui comprend :<\/strong> la<strong> technique instrumentale<\/strong>, la <strong>lecture des partitions<\/strong>, l\u2019<strong>interpr\u00e9tation musicale<\/strong>, l&rsquo;<strong>improvisation vocale ou instrumentale<\/strong>, ainsi que la <strong>pr\u00e9paration d\u2019auditions<\/strong>, de <strong>concours<\/strong> ou d&rsquo;examens pour les programmes de musique. Nous proposons \u00e9galement des formations en <strong>composition musicale<\/strong>, <strong>arrangements<\/strong>, et <strong>production musicale<\/strong> pour les passionn\u00e9s de cr\u00e9ation musicale.<\/p>\n<p>Des instruments de musique sont aussi disponibles \u00e0 l&rsquo;achat \u00e0 prix abordables pour accompagner votre apprentissage. En solo ou en petit groupe, nos cours en ligne vous permettent de progresser \u00e0 votre propre rythme de n&rsquo;importe o\u00f9 dans le monde.<\/p>\n<p><strong>Pour tous les \u00e2ges et tous les niveaux <\/strong><\/p>\n<p>[\/et_pb_text][et_pb_divider show_divider=\u00a0\u00bboff\u00a0\u00bb _builder_version=\u00a0\u00bb4.20.4&Prime; global_colors_info=\u00a0\u00bb{}\u00a0\u00bb][\/et_pb_divider][et_pb_text admin_label=\u00a0\u00bbEntrevues titre\u00a0\u00bb _builder_version=\u00a0\u00bb4.27.4&Prime; _module_preset=\u00a0\u00bbdefault\u00a0\u00bb global_colors_info=\u00a0\u00bb{}\u00a0\u00bb]<\/p>\n<h5><strong>Entrevues avec nos expert(e)s, musicien(ne)s et enseignant(e)s<\/strong><\/h5>\n<p>[\/et_pb_text][et_pb_video src=\u00a0\u00bbhttps:\/\/www.youtube.com\/watch?v=9c7s8YsrBCA&#038;list=PLhVrOtoPXklGzThsms7w4zIjs_QrB4-fm&#038;index=1&Prime; admin_label=\u00a0\u00bbVid\u00e9o entrevues enseignants\u00a0\u00bb _builder_version=\u00a0\u00bb4.27.4&Prime; _module_preset=\u00a0\u00bbdefault\u00a0\u00bb global_colors_info=\u00a0\u00bb{}\u00a0\u00bb][\/et_pb_video][\/et_pb_column][\/et_pb_row][\/et_pb_section]<\/p>\n","protected":false},"excerpt":{"rendered":"<p>Compr\u00e9hension des bases de la musique, incluant les notes, les intervalles, les gammes et les signatures rythmiques.D\u00e9veloppement de la dext\u00e9rit\u00e9 et de la pr\u00e9cision sur l\u2019instrument \u00e0 travers des exercices cibl\u00e9s.Apprentissage des accords de base et complexes, leurs positions et encha\u00eenements pour accompagner des morceaux.Lecture et \u00e9criture des notes, rythmes et indications musicales pour une [&hellip;]<\/p>\n","protected":false},"author":68,"featured_media":0,"parent":0,"menu_order":0,"comment_status":"closed","ping_status":"closed","template":"","meta":{"_et_pb_use_builder":"on","_et_pb_old_content":"","_et_gb_content_width":"","footnotes":""},"class_list":["post-22014","page","type-page","status-publish","hentry"],"_links":{"self":[{"href":"https:\/\/www.loreillemusclee.com\/en\/wp-json\/wp\/v2\/pages\/22014","targetHints":{"allow":["GET"]}}],"collection":[{"href":"https:\/\/www.loreillemusclee.com\/en\/wp-json\/wp\/v2\/pages"}],"about":[{"href":"https:\/\/www.loreillemusclee.com\/en\/wp-json\/wp\/v2\/types\/page"}],"author":[{"embeddable":true,"href":"https:\/\/www.loreillemusclee.com\/en\/wp-json\/wp\/v2\/users\/68"}],"replies":[{"embeddable":true,"href":"https:\/\/www.loreillemusclee.com\/en\/wp-json\/wp\/v2\/comments?post=22014"}],"version-history":[{"count":27,"href":"https:\/\/www.loreillemusclee.com\/en\/wp-json\/wp\/v2\/pages\/22014\/revisions"}],"predecessor-version":[{"id":22076,"href":"https:\/\/www.loreillemusclee.com\/en\/wp-json\/wp\/v2\/pages\/22014\/revisions\/22076"}],"wp:attachment":[{"href":"https:\/\/www.loreillemusclee.com\/en\/wp-json\/wp\/v2\/media?parent=22014"}],"curies":[{"name":"wp","href":"https:\/\/api.w.org\/{rel}","templated":true}]}}