{"id":24312,"date":"2026-02-12T18:27:30","date_gmt":"2026-02-12T22:27:30","guid":{"rendered":"https:\/\/www.loreillemusclee.com\/?page_id=24312"},"modified":"2026-02-12T18:59:45","modified_gmt":"2026-02-12T22:59:45","slug":"tarifs-cours-de-musique","status":"publish","type":"page","link":"https:\/\/www.loreillemusclee.com\/en\/tarifs-cours-de-musique\/","title":{"rendered":"Tarifs cours de musique"},"content":{"rendered":"<p>[et_pb_section fb_built=\u00a0\u00bb1&Prime; admin_label=\u00a0\u00bbMenu Pricing\u00a0\u00bb _builder_version=\u00a0\u00bb4.18.0&Prime; _module_preset=\u00a0\u00bbdefault\u00a0\u00bb collapsed=\u00a0\u00bboff\u00a0\u00bb global_colors_info=\u00a0\u00bb{}\u00a0\u00bb][et_pb_row _builder_version=\u00a0\u00bb4.18.0&Prime; _module_preset=\u00a0\u00bb5138c454-be54-4233-bd3b-f8e6a8747976&Prime; global_colors_info=\u00a0\u00bb{}\u00a0\u00bb][et_pb_column type=\u00a0\u00bb4_4&Prime; _builder_version=\u00a0\u00bb4.18.0&Prime; _module_preset=\u00a0\u00bb73121f80-a3ef-4484-8763-c3f18e3c56d2&Prime; global_colors_info=\u00a0\u00bb{}\u00a0\u00bb][et_pb_heading title=\u00a0\u00bbNos Tarifs\u00a0\u00bb _builder_version=\u00a0\u00bb4.27.5&Prime; _module_preset=\u00a0\u00bbc33f07d9-41e0-421a-8799-5799df695cce\u00a0\u00bb title_level=\u00a0\u00bbh2&Prime; title_font=\u00a0\u00bbAbril Fatface|Abril Fatface_weight|||||||\u00a0\u00bb title_text_color=\u00a0\u00bb#0e0c19&Prime; title_font_size=\u00a0\u00bb50px\u00a0\u00bb title_line_height=\u00a0\u00bb1.2em\u00a0\u00bb custom_margin=\u00a0\u00bb||10px||false|false\u00a0\u00bb title_font_size_tablet=\u00a0\u00bb28px\u00a0\u00bb title_font_size_phone=\u00a0\u00bb20px\u00a0\u00bb title_font_size_last_edited=\u00a0\u00bbon|phone\u00a0\u00bb locked=\u00a0\u00bboff\u00a0\u00bb global_colors_info=\u00a0\u00bb{}\u00a0\u00bb][\/et_pb_heading][\/et_pb_column][\/et_pb_row][et_pb_row _builder_version=\u00a0\u00bb4.27.4&Prime; _module_preset=\u00a0\u00bbdefault\u00a0\u00bb saved_tabs=\u00a0\u00bball\u00a0\u00bb global_colors_info=\u00a0\u00bb{}\u00a0\u00bb][et_pb_column type=\u00a0\u00bb4_4&Prime; _builder_version=\u00a0\u00bb4.27.4&Prime; _module_preset=\u00a0\u00bbdefault\u00a0\u00bb global_colors_info=\u00a0\u00bb{}\u00a0\u00bb][et_pb_image src=\u00a0\u00bbhttps:\/\/www.loreillemusclee.com\/wp-content\/uploads\/2025\/08\/REntree-tarifs-cours-2025-2025-08-21-165710.jpg\u00a0\u00bb title_text=\u00a0\u00bbRentr\u00e9e cours de musique 2025 2025-08-21 165710&Prime; show_in_lightbox=\u00a0\u00bbon\u00a0\u00bb admin_label=\u00a0\u00bbListe Tarifs 2025&Prime; _builder_version=\u00a0\u00bb4.27.4&Prime; _module_preset=\u00a0\u00bbdefault\u00a0\u00bb global_colors_info=\u00a0\u00bb{}\u00a0\u00bb][\/et_pb_image][\/et_pb_column][\/et_pb_row][et_pb_row _builder_version=\u00a0\u00bb4.27.4&Prime; _module_preset=\u00a0\u00bbdefault\u00a0\u00bb saved_tabs=\u00a0\u00bball\u00a0\u00bb global_colors_info=\u00a0\u00bb{}\u00a0\u00bb][et_pb_column type=\u00a0\u00bb4_4&Prime; _builder_version=\u00a0\u00bb4.27.4&Prime; _module_preset=\u00a0\u00bbdefault\u00a0\u00bb global_colors_info=\u00a0\u00bb{}\u00a0\u00bb][et_pb_text admin_label=\u00a0\u00bbD\u00e8s Septembre Proc\u00e9dure change\u00a0\u00bb _builder_version=\u00a0\u00bb4.27.5&Prime; _module_preset=\u00a0\u00bbdefault\u00a0\u00bb hover_enabled=\u00a0\u00bb0&Prime; global_colors_info=\u00a0\u00bb{}\u00a0\u00bb sticky_enabled=\u00a0\u00bb0&Prime;]<\/p>\n<p>\u00c0 propos<\/p>\n<hr \/>\n<p>\ud83c\udf1e\u00a0Avant de confirmer votre inscription en ligne, nous vous invitons \u00e0 communiquer avec notre \u00e9quipe afin de discuter des d\u00e9tails concernant vos cours de musique.<\/p>\n<p>Horaire des appels : du lundi au jeudi, de 11 h \u00e0 13 h de pr\u00e9f\u00e9rence ou laissez-nous un message texto ou vocal, nous communiquerons avec vous rapidement.<\/p>\n<p>T\u00e9l\u00e9phone : 514-418-1511<\/p>\n<p>[\/et_pb_text][\/et_pb_column][\/et_pb_row][et_pb_row _builder_version=\u00a0\u00bb4.20.4&Prime; _module_preset=\u00a0\u00bbdefault\u00a0\u00bb global_module=\u00a0\u00bb24328&Prime; global_colors_info=\u00a0\u00bb{}\u00a0\u00bb][et_pb_column type=\u00a0\u00bb4_4&Prime; _builder_version=\u00a0\u00bb4.20.4&Prime; _module_preset=\u00a0\u00bbdefault\u00a0\u00bb global_colors_info=\u00a0\u00bb{}\u00a0\u00bb][et_pb_divider show_divider=\u00a0\u00bboff\u00a0\u00bb _builder_version=\u00a0\u00bb4.27.5&Prime; global_colors_info=\u00a0\u00bb{}\u00a0\u00bb][\/et_pb_divider][et_pb_text admin_label=\u00a0\u00bbinscription en tout temps\u00a0\u00bb _builder_version=\u00a0\u00bb4.27.5&Prime; _module_preset=\u00a0\u00bbdefault\u00a0\u00bb background_color=\u00a0\u00bbRGBA(255,255,255,0)\u00a0\u00bb hover_enabled=\u00a0\u00bb0&Prime; border_radii=\u00a0\u00bboff||||\u00a0\u00bb border_width_top=\u00a0\u00bb1px\u00a0\u00bb global_colors_info=\u00a0\u00bb{}\u00a0\u00bb sticky_enabled=\u00a0\u00bb0&Prime;]<\/p>\n<h3 style=\"text-align: center;\"><a href='' class='big-button bigblack' target=\"_blank\">Inscription en tout temps<\/a><\/h3>\n<p>[\/et_pb_text][et_pb_text admin_label=\u00a0\u00bb3 cours pour les ind\u00e9cis\u00a0\u00bb _builder_version=\u00a0\u00bb4.27.5&Prime; _module_preset=\u00a0\u00bbdefault\u00a0\u00bb background_color=\u00a0\u00bbRGBA(255,255,255,0)\u00a0\u00bb border_width_all=\u00a0\u00bb2px\u00a0\u00bb border_width_top=\u00a0\u00bb1px\u00a0\u00bb global_colors_info=\u00a0\u00bb{}\u00a0\u00bb]<\/p>\n<h2>\u00a0<\/h2>\n<h2 style=\"text-align: center;\">3 cours d&rsquo;essai<\/h2>\n<p style=\"padding-left: 40px;\">Un cours de musique au choix, une rencontre par semaine selon les disponibilit\u00e9s durant trois semaines cons\u00e9cutives sans interruption.<\/p>\n<p style=\"padding-left: 40px;\">L&rsquo;inscription peut avoir lieu en tout temps avant la fin de la session pr\u00e9vue (certaines conditions s&rsquo;appliquent).<\/p>\n<p>&nbsp;<\/p>\n<p>[\/et_pb_text][et_pb_text admin_label=\u00a0\u00bb1 cours avant 14h00&Prime; _builder_version=\u00a0\u00bb4.27.4&Prime; _module_preset=\u00a0\u00bbdefault\u00a0\u00bb background_color=\u00a0\u00bbRGBA(255,255,255,0)\u00a0\u00bb border_width_all=\u00a0\u00bb2px\u00a0\u00bb border_width_top=\u00a0\u00bb1px\u00a0\u00bb global_colors_info=\u00a0\u00bb{}\u00a0\u00bb]<\/p>\n<h2>\u00a0<\/h2>\n<h2 style=\"text-align: center;\">Cours pour adulte avant 14h et fin de soir\u00e9e<\/h2>\n<h5 style=\"text-align: center;\">De septembre \u00e0 juin\u00a0<\/h5>\n<h5 style=\"text-align: center;\">Rabais de 11%<\/h5>\n<h5 style=\"text-align: center;\"><strong>Code promo<\/strong><\/h5>\n<h5 style=\"text-align: center;\">\u00ab-2pm\u00bb<\/h5>\n<p style=\"padding-left: 40px; text-align: left;\">Un cours de musique au choix, une rencontre par semaine selon les disponibilit\u00e9s.<\/p>\n<p style=\"padding-left: 40px; text-align: left;\">L&rsquo;inscription peut avoir lieu en tout temps avant la fin de la session pr\u00e9vue (certaines conditions s&rsquo;appliquent).<\/p>\n<p>&nbsp;<\/p>\n<p>[\/et_pb_text][et_pb_divider show_divider=\u00a0\u00bboff\u00a0\u00bb admin_label=\u00a0\u00bbS\u00e9parateur\u00a0\u00bb _builder_version=\u00a0\u00bb4.27.0&Prime; global_colors_info=\u00a0\u00bb{}\u00a0\u00bb][\/et_pb_divider][\/et_pb_column][\/et_pb_row][et_pb_row _builder_version=\u00a0\u00bb4.20.4&Prime; _module_preset=\u00a0\u00bbdefault\u00a0\u00bb global_module=\u00a0\u00bb24351&Prime; global_colors_info=\u00a0\u00bb{}\u00a0\u00bb][et_pb_column type=\u00a0\u00bb4_4&Prime; _builder_version=\u00a0\u00bb4.20.4&Prime; _module_preset=\u00a0\u00bbdefault\u00a0\u00bb global_colors_info=\u00a0\u00bb{}\u00a0\u00bb][et_pb_divider show_divider=\u00a0\u00bboff\u00a0\u00bb _builder_version=\u00a0\u00bb4.20.4&Prime; global_colors_info=\u00a0\u00bb{}\u00a0\u00bb][\/et_pb_divider][et_pb_text admin_label=\u00a0\u00bbSession \u00e0 la carte\u00a0\u00bb _builder_version=\u00a0\u00bb4.27.4&Prime; _module_preset=\u00a0\u00bbdefault\u00a0\u00bb background_color=\u00a0\u00bbRGBA(255,255,255,0)\u00a0\u00bb custom_margin=\u00a0\u00bb2px||||false|false\u00a0\u00bb custom_padding=\u00a0\u00bb2px||||false|false\u00a0\u00bb border_radii=\u00a0\u00bboff||||\u00a0\u00bb border_width_top=\u00a0\u00bb1px\u00a0\u00bb global_colors_info=\u00a0\u00bb{}\u00a0\u00bb]<\/p>\n<h2>\u00a0<\/h2>\n<h2 style=\"text-align: center;\"><strong>Session \u00e0 la carte<br \/><\/strong><\/h2>\n<p>[\/et_pb_text][et_pb_text admin_label=\u00a0\u00bbSession 15 cours \u00a0\u00bb _builder_version=\u00a0\u00bb4.27.4&Prime; _module_preset=\u00a0\u00bbdefault\u00a0\u00bb background_color=\u00a0\u00bbRGBA(255,255,255,0)\u00a0\u00bb custom_margin=\u00a0\u00bb|1px||1px|false|false\u00a0\u00bb custom_padding=\u00a0\u00bb|1px||1px|false|false\u00a0\u00bb border_width_all=\u00a0\u00bb2px\u00a0\u00bb border_width_top=\u00a0\u00bb1px\u00a0\u00bb global_colors_info=\u00a0\u00bb{}\u00a0\u00bb]<\/p>\n<h2>\u00a0<\/h2>\n<h2 style=\"text-align: center;\"><strong>Un cours par semaine<br \/><\/strong><\/h2>\n<h4 style=\"text-align: center;\">De septembre \u00e0 d\u00e9cembre (au total 15 cours)<\/h4>\n<p style=\"padding-left: 40px;\">Un cours au choix, une rencontre par semaine selon les disponibilit\u00e9s durant quinze semaines cons\u00e9cutives sans interruption.<\/p>\n<p style=\"padding-left: 40px;\">L&rsquo;inscription peut avoir lieu en tout temps avant la fin de la session pr\u00e9vue (certaines conditions s&rsquo;appliquent).<\/p>\n<p style=\"padding-left: 40px;\">Payable en un ou deux versements ou selon une entente de paiements \u00e0 l&rsquo;inscription.<\/p>\n<p>&nbsp;<\/p>\n<p>[\/et_pb_text][et_pb_text admin_label=\u00a0\u00bbSession 21 cours\u00a0\u00bb _builder_version=\u00a0\u00bb4.27.4&Prime; _module_preset=\u00a0\u00bbdefault\u00a0\u00bb background_color=\u00a0\u00bbRGBA(255,255,255,0)\u00a0\u00bb custom_margin=\u00a0\u00bb|1px||1px|false|false\u00a0\u00bb custom_padding=\u00a0\u00bb|1px||1px|false|false\u00a0\u00bb border_width_all=\u00a0\u00bb2px\u00a0\u00bb border_width_top=\u00a0\u00bb1px\u00a0\u00bb global_colors_info=\u00a0\u00bb{}\u00a0\u00bb]<\/p>\n<h2>\u00a0<\/h2>\n<h2 style=\"text-align: center;\"><strong>Un cours par semaine<br \/><\/strong><\/h2>\n<h4 style=\"text-align: center;\">De janvier \u00e0 juin (au total 21 cours)<\/h4>\n<p style=\"padding-left: 40px;\">Un cours au choix, une rencontre par semaine selon les disponibilit\u00e9s durant vingt-et-une semaines cons\u00e9cutives sans interruption.<\/p>\n<p style=\"padding-left: 40px;\">L&rsquo;inscription peut avoir lieu en tout temps avant la fin de la session pr\u00e9vue (certaines conditions s&rsquo;appliquent).<\/p>\n<p style=\"padding-left: 40px;\">Payable en un ou deux versements ou selon une entente de paiements \u00e0 l&rsquo;inscription. Certaines conditions s&rsquo;appliquent.<\/p>\n<p>&nbsp;<\/p>\n<p>[\/et_pb_text][et_pb_text admin_label=\u00a0\u00bbSession 2 cours par semaine (2 enfants)\u00a0\u00bb _builder_version=\u00a0\u00bb4.27.4&Prime; _module_preset=\u00a0\u00bbdefault\u00a0\u00bb background_color=\u00a0\u00bbRGBA(255,255,255,0)\u00a0\u00bb custom_margin=\u00a0\u00bb|1px||1px|false|false\u00a0\u00bb custom_padding=\u00a0\u00bb|1px||1px|false|false\u00a0\u00bb border_width_all=\u00a0\u00bb2px\u00a0\u00bb border_width_top=\u00a0\u00bb1px\u00a0\u00bb global_colors_info=\u00a0\u00bb{}\u00a0\u00bb]<\/p>\n<h2>\u00a0<\/h2>\n<h2 style=\"text-align: center;\"><strong>Deux cours par semaine<br \/><\/strong><\/h2>\n<h4 style=\"text-align: center;\">De septembre \u00e0 d\u00e9cembre (au total 30 cours)<\/h4>\n<p style=\"padding-left: 40px;\">Deux cours au choix, deux rencontres par semaine selon les disponibilit\u00e9s durant trente semaines cons\u00e9cutives sans interruption ou inscription en tout temps avant la fin de la session pr\u00e9vue.<\/p>\n<p style=\"padding-left: 40px;\">Payable en un ou deux versements ou selon une entente de paiements \u00e0 l&rsquo;inscription. Certaines conditions s&rsquo;appliquent.<\/p>\n<p>&nbsp;<\/p>\n<p>[\/et_pb_text][et_pb_text admin_label=\u00a0\u00bbSession annuelle\u00a0\u00bb _builder_version=\u00a0\u00bb4.27.4&Prime; _module_preset=\u00a0\u00bbdefault\u00a0\u00bb background_color=\u00a0\u00bbRGBA(255,255,255,0)\u00a0\u00bb custom_margin=\u00a0\u00bb2px||||false|false\u00a0\u00bb custom_padding=\u00a0\u00bb2px||||false|false\u00a0\u00bb border_radii=\u00a0\u00bboff||||\u00a0\u00bb border_width_top=\u00a0\u00bb1px\u00a0\u00bb global_colors_info=\u00a0\u00bb{}\u00a0\u00bb]<\/p>\n<h2>\u00a0<\/h2>\n<h2 style=\"text-align: center;\"><strong>Session annuelle<br \/><\/strong><\/h2>\n<p>[\/et_pb_text][et_pb_text admin_label=\u00a0\u00bbSession 36 cours\u00a0\u00bb _builder_version=\u00a0\u00bb4.27.4&Prime; _module_preset=\u00a0\u00bbdefault\u00a0\u00bb background_color=\u00a0\u00bbRGBA(255,255,255,0)\u00a0\u00bb custom_margin=\u00a0\u00bb|1px||1px|false|false\u00a0\u00bb custom_padding=\u00a0\u00bb|1px||1px|false|false\u00a0\u00bb border_width_all=\u00a0\u00bb2px\u00a0\u00bb border_width_top=\u00a0\u00bb1px\u00a0\u00bb global_colors_info=\u00a0\u00bb{}\u00a0\u00bb]<\/p>\n<h2>\u00a0<\/h2>\n<h2 style=\"text-align: center;\"><strong>Un cours par semaine<\/strong><\/h2>\n<h5 style=\"text-align: center;\">De septembre \u00e0 juin (au total 36 cours)<\/h5>\n<p style=\"padding-left: 40px;\">Un cours au choix, une rencontre par semaine selon les disponibilit\u00e9s durant trente-six semaines cons\u00e9cutives sans interruption.<\/p>\n<p style=\"padding-left: 40px;\">L&rsquo;inscription peut avoir lieu en tout temps avant la fin de la session pr\u00e9vue (certaines conditions s&rsquo;appliquent).<\/p>\n<p style=\"padding-left: 40px;\">Payable en trois versements : en septembre, novembre et f\u00e9vrier ou selon une entente de paiements \u00e0 l&rsquo;inscription.<\/p>\n<p>&nbsp;<\/p>\n<p>[\/et_pb_text][et_pb_text admin_label=\u00a0\u00bbSession 36 cours 2 cours par semaine (2 enfants)\u00a0\u00bb _builder_version=\u00a0\u00bb4.27.4&Prime; _module_preset=\u00a0\u00bbdefault\u00a0\u00bb background_color=\u00a0\u00bbRGBA(255,255,255,0)\u00a0\u00bb custom_margin=\u00a0\u00bb|1px||1px|false|false\u00a0\u00bb custom_padding=\u00a0\u00bb|1px||1px|false|false\u00a0\u00bb border_width_all=\u00a0\u00bb2px\u00a0\u00bb border_width_top=\u00a0\u00bb1px\u00a0\u00bb global_colors_info=\u00a0\u00bb{}\u00a0\u00bb]<\/p>\n<h2>\u00a0<\/h2>\n<h2 style=\"text-align: center;\"><strong>Deux cours par semaine<\/strong><\/h2>\n<h4 style=\"text-align: center;\">De septembre \u00e0 juin (au total 72 cours)<\/h4>\n<p style=\"padding-left: 40px;\">Deux cours au choix, deux rencontres par semaine selon les disponibilit\u00e9s durant trente-six semaines cons\u00e9cutives sans interruption.<\/p>\n<p style=\"padding-left: 40px;\">L&rsquo;inscription peut avoir lieu en tout temps avant la fin de la session pr\u00e9vue (certaines conditions s&rsquo;appliquent).<\/p>\n<p style=\"padding-left: 40px;\">Payable en un ou deux versements ou selon une entente de paiements \u00e0 l&rsquo;inscription.<\/p>\n<p>&nbsp;<\/p>\n<p>[\/et_pb_text][et_pb_toggle title=\u00a0\u00bbCONDITIONS G\u00c9N\u00c9RALES DES COURS\u00a0\u00bb open_toggle_background_color=\u00a0\u00bb#ffffff\u00a0\u00bb closed_toggle_text_color=\u00a0\u00bb#ffffff\u00a0\u00bb icon_color=\u00a0\u00bb#FFFFFF\u00a0\u00bb open_icon_color=\u00a0\u00bb#FFFFFF\u00a0\u00bb admin_label=\u00a0\u00bbCours de Musique &#8211; Conditions\u00a0\u00bb _builder_version=\u00a0\u00bb4.27.4&Prime; title_font_size=\u00a0\u00bb22px\u00a0\u00bb closed_title_text_align=\u00a0\u00bbleft\u00a0\u00bb closed_title_font_size=\u00a0\u00bb22px\u00a0\u00bb background_color=\u00a0\u00bb#000000&Prime; border_width_all=\u00a0\u00bb0px\u00a0\u00bb global_colors_info=\u00a0\u00bb{}\u00a0\u00bb]<\/p>\n<p><b><strong><span dir=\"ltr\" role=\"presentation\">Rhume, toux, test positif et isolement<\/span> <\/strong><\/b><\/p>\n<p><span dir=\"ltr\" role=\"presentation\">Lorsque<\/span> <span dir=\"ltr\" role=\"presentation\">l\u2019\u00e9l\u00e8ve<\/span> <span dir=\"ltr\" role=\"presentation\">a un rhume,<\/span> <span dir=\"ltr\" role=\"presentation\">son<\/span> <span dir=\"ltr\" role=\"presentation\">nez coule ou a la toux.<\/span> <span dir=\"ltr\" role=\"presentation\">L\u2019\u00e9l\u00e8ve n\u2019est pas tenu de se pr\u00e9senter au <\/span><span dir=\"ltr\" role=\"presentation\">cours au risque de contaminer son enseignant. <\/span><span dir=\"ltr\" role=\"presentation\">L\u2019\u00e9l\u00e8ve a<\/span><span dir=\"ltr\" role=\"presentation\">vise l\u2019enseignant par courriel ou par texto pour<\/span> <span dir=\"ltr\" role=\"presentation\">prendre un arrangement qui conviendra <\/span><span dir=\"ltr\" role=\"presentation\">\u00e0 chacun. <\/span><\/p>\n<p><b>Annulation de derni\u00e8re minute et minutes de retard<br \/><\/b><\/p>\n<p>Dans la mesure o\u00f9 l&rsquo;\u00e9l\u00e8ve se pr\u00e9sente \u00e0 son cours en retard ou l&rsquo;annulation survient \u00e0 la derni\u00e8re minute, le jour m\u00eame, ou dans un d\u00e9lai de moins de 48h, alors que l&rsquo;enseignant est d\u00e9j\u00e0 engag\u00e9 ou \u00e0 son poste \u00e0 l&rsquo;heure pr\u00e9vue du cours, L&rsquo;OMCM ne remboursera pas l&rsquo;\u00e9l\u00e8ve et ce dernier perdra le cours. N\u00e9anmoins, l&rsquo;enseignant se r\u00e9serve la possibilit\u00e9 d&rsquo;offrir un cours de reprise \u00e0 l&rsquo;\u00e9l\u00e8ve durant la session ou lorsqu&rsquo;une place se lib\u00e8re dans son horaire.<\/p>\n<p><b>Proc\u00e9dure d&rsquo;annulation 48 h ou plus<\/b><\/p>\n<p>Lorsque l&rsquo;\u00e9l\u00e8ve ne peut se pr\u00e9senter \u00e0 la date pr\u00e9vue de son cours pour une raison m\u00e9dicale ou autre, il doit en aviser L&rsquo;OMCM et ajouter en CC le courriel de l&rsquo;enseignant et ce dans un d\u00e9lai minimum de 48 heures ou plus avant la date pr\u00e9vue du dit cours. L&rsquo;enseignant se r\u00e9serve la possibilit\u00e9 d&rsquo;offrir un maximum de deux cours de reprise \u00e0 l&rsquo;\u00e9l\u00e8ve durant la session ou lorsqu&rsquo;une place se lib\u00e8re dans son horaire.<\/p>\n<p><b>Reprises de cours<\/b><\/p>\n<p>Dans l&rsquo;\u00e9ventualit\u00e9 o\u00f9 l&rsquo;\u00e9l\u00e8ve se conforme au d\u00e9lai du pr\u00e9avis d\u2019annulation de 48 h ou plus. L\u2019enseignant s&rsquo;engage \u00e0 lui remettre un maximum d&rsquo;une reprise avant le 25 d\u00e9cembre et une deuxi\u00e8me reprise apr\u00e8s le 7 juin. Il est de la responsabilit\u00e9 de l&rsquo;\u00e9l\u00e8ve et de l\u2019adulte responsable de s&rsquo;informer de la date de reprise et de confirmer \u00e0 l&rsquo;enseignant sa disponibilit\u00e9 48h avant ou plus le jour de la reprise. L&rsquo;\u00e9l\u00e8ve qui manque son cours de reprise ne saura \u00eatre rembours\u00e9 et le cours de reprise sera perdu.<\/p>\n<p><b>Cong\u00e9s f\u00e9ri\u00e9s<\/b><\/p>\n<p>Les cours auront lieu lors d\u2019un cong\u00e9 f\u00e9ri\u00e9. L\u2019enseignant se r\u00e9serve la possibilit\u00e9 de reporter le cours si tous les \u00e9l\u00e8ves respectent le pr\u00e9avis de 48h ou plus <b><i>Proc\u00e9dure d&rsquo;annulation 48 h d\u2019avis et Reprise de cours<\/i><\/b>. R\u00e9f\u00e9rez-vous en tout temps aux dates de cours indiqu\u00e9s lors de l&rsquo;inscription en ligne.<\/p>\n<p><b>\u00c9ch\u00e9ancier et retard de paiement<\/b><\/p>\n<p>Un calendrier de versement vous sera envoy\u00e9 le jour de l&rsquo;inscription \u00e0 l&rsquo;OMCM. Pour toute entente de paiement pendant l&rsquo;ann\u00e9e, s&rsquo;il vous pla\u00eet contacter les administrateurs de l&rsquo;OMCM. Ceux-ci se r\u00e9servent le droit de d\u00e9sactiver la carte d&rsquo;acc\u00e8s de l&rsquo;\u00e9l\u00e8ve qui a un paiement en souffrance. Un versement tardif entra\u00eenera une p\u00e9nalit\u00e9 de 25 $. Merci de vous r\u00e9f\u00e9rer en tout temps, \u00e0 l&rsquo;\u00e9ch\u00e9ancier de paiement.<\/p>\n<p><b>Rupture des cours de musique<\/b><\/p>\n<p>Dans le cas o\u00f9 l&rsquo;\u00e9l\u00e8ve est inscrit mais il d\u00e9sire interrompre les cours de musique pour une dur\u00e9e ind\u00e9termin\u00e9e, un pr\u00e9avis de deux semaines est exig\u00e9. L\u2019\u00e9l\u00e8ve compl\u00e8te ces derniers cours ou il les perd. L\u2019adulte responsable d\u00e9bourse tous les cours compl\u00e9t\u00e9s incluant les deux cours du pr\u00e9avis et les frais non remboursables.<\/p>\n<p><b>Pratique libre<\/b><\/p>\n<p>\u00c0 L&rsquo;OMCM, l&rsquo;\u00e9l\u00e8ve inscrit aux cours de musique obtient en cadeau, une p\u00e9riode de pratique libre par semaine dans l&rsquo;un des studios de pratique disponibles. Ces p\u00e9riodes sont non transf\u00e9rables. Les \u00e9l\u00e8ves mineurs seront accompagn\u00e9s d&rsquo;un adulte responsable tout au long de leur pratique libre. Les amis, fr\u00e8res, s\u0153urs, cousins, oncles, tantes ou toute autre personne qui d\u00e9sire accompagner l&rsquo;\u00e9l\u00e8ve sur les lieux sera d\u00e9tentrice d\u2019une carte d\u2019acc\u00e8s personnelle et identifi\u00e9e aupr\u00e8s des administrateurs des studios de L&rsquo;OMCM.<\/p>\n<p><strong>Boutique express<\/strong><\/p>\n<p>\u00c0 L&rsquo;OMCM, les \u00e9tudiants inscrits \u00e0 des cours de musique b\u00e9n\u00e9ficient d&rsquo;une r\u00e9duction sur le prix courant (avant taxes) pour les achats \u00e0 la boutique express @ l&rsquo;OMCM. Ces produits sont des accessoires du quotidien, des instruments de musique et des m\u00e9thodes utilis\u00e9es par le professeur lors de ses cours. Lorsque l&rsquo;\u00e9tudiant et son parent trouvent un produit annonc\u00e9 chez l&rsquo;un des principaux fournisseurs \u00e0 Montr\u00e9al, ils peuvent en faire la demande directement \u00e0 la boutique express \u00e0 l&rsquo;OMCM. Les \u00e9tudiants peuvent faire leurs achats au 996, rue Notre-Dame, \u00e0 Lachine. Le d\u00e9lai de livraison peut prendre 2 \u00e0 7 jours ouvrables, selon la disponibilit\u00e9 du produit chez le fournisseur, visitez notre boutique en ligne : https:\/\/www.loreillemusclee.com\/loreille-musclee-centre-musical-boutique\/<\/p>\n<p><b>Propret\u00e9 des lieux<\/b><\/p>\n<p>Tous les membres de L&rsquo;OMCM sont responsables de leurs d\u00e9g\u00e2ts. Chacun contribue \u00e0 maintenir la propret\u00e9 des lieux et de les pr\u00e9server dans les meilleures conditions. Les d\u00e9chets seront d\u00e9pos\u00e9s dans la poubelle de la salle d&rsquo;attente voire m\u00eame les d\u00e9chets comestibles qui d\u00e9gagent des odeurs (bananes, etc) seront rapport\u00e9s \u00e0 la maison ou d\u00e9pos\u00e9s dans la poubelle \u00e0 l&rsquo;ext\u00e9rieur en avant de la b\u00e2tisse. Il est interdit de boire des boissons sucr\u00e9s ou de manger dans les studios. Seule une gourde d&rsquo;eau est tol\u00e9r\u00e9e.<\/p>\n<p><b>Cl\u00e9 d&rsquo;acc\u00e8s personnelle<br \/><\/b><\/p>\n<p>10$ de d\u00e9p\u00f4t remboursable pour la cl\u00e9 d\u2019acc\u00e8s personnelle, n\u00e9cessaire pour entrer et circuler \u00e0 L&rsquo;OMCM. Si vous prenez la d\u00e9cision de ne plus fr\u00e9quenter les studios de L&rsquo;OMCM, le d\u00e9p\u00f4t de 10$ vous sera rembours\u00e9 lorsque que vous rapporterez votre carte d\u2019acc\u00e8s intacte.<\/p>\n<p><b>Frais annuels non-remboursables<\/b><\/p>\n<p>La carte d\u2019acc\u00e8s sera non-remboursable si endommag\u00e9e. En cas de perte, une nouvelle carte vous sera \u00e9mise au montant de 10$.<\/p>\n<p><strong>Respect des renseignements personnels<\/strong><\/p>\n<p>\u00c0 L&rsquo;Oreille Muscl\u00e9e Centre Musical, nous nous engageons \u00e0 prot\u00e9ger les renseignements personnels de nos clients. Nous croyons en la transparence, la confidentialit\u00e9 et le respect des lois en vigueur, notamment la Loi 25 sur la protection des renseignements personnels au Qu\u00e9bec.<\/p>\n<h3 align=\"center\"><b>Nous vous remercions d&rsquo;\u00eatre l\u00e0 <\/b><\/h3>\n<h3 align=\"center\"><b>Merci de contribuer au bon fonctionnement<\/b><\/h3>\n<h3 style=\"text-align: center;\"><b>@ l&rsquo;Oreille Muscl\u00e9e Centre Musical<\/b><b>\u00a0<\/b><\/h3>\n<h3 style=\"text-align: center;\"><b>Bons cours et heureuse ann\u00e9e<br \/><\/b><\/h3>\n<p>[\/et_pb_toggle][et_pb_divider show_divider=\u00a0\u00bboff\u00a0\u00bb admin_label=\u00a0\u00bbS\u00e9parateur\u00a0\u00bb _builder_version=\u00a0\u00bb4.27.4&Prime; global_colors_info=\u00a0\u00bb{}\u00a0\u00bb][\/et_pb_divider][et_pb_text admin_label=\u00a0\u00bbEntrevues titre\u00a0\u00bb _builder_version=\u00a0\u00bb4.27.4&Prime; _module_preset=\u00a0\u00bbdefault\u00a0\u00bb global_colors_info=\u00a0\u00bb{}\u00a0\u00bb]<\/p>\n<blockquote>\n<h5><strong>Entrevues avec nos expert(e)s, musicien(ne)s et professeur(e)s<\/strong><\/h5>\n<\/blockquote>\n<p>[\/et_pb_text][et_pb_video src=\u00a0\u00bbhttps:\/\/www.youtube.com\/watch?v=SMEgLO2nTbo&#038;list=PLhVrOtoPXklGzThsms7w4zIjs_QrB4-fm\u00a0\u00bb admin_label=\u00a0\u00bbvid\u00e9o entrevues enseignants\u00a0\u00bb _builder_version=\u00a0\u00bb4.27.4&Prime; _module_preset=\u00a0\u00bbdefault\u00a0\u00bb global_colors_info=\u00a0\u00bb{}\u00a0\u00bb][\/et_pb_video][et_pb_divider show_divider=\u00a0\u00bboff\u00a0\u00bb admin_label=\u00a0\u00bbS\u00e9parateur\u00a0\u00bb _builder_version=\u00a0\u00bb4.20.4&Prime; global_colors_info=\u00a0\u00bb{}\u00a0\u00bb][\/et_pb_divider][divi_catalog booking_params=\u00a0\u00bbon\u00a0\u00bb _builder_version=\u00a0\u00bb4.27.4&Prime; _module_preset=\u00a0\u00bbdefault\u00a0\u00bb custom_margin=\u00a0\u00bb1px|1px|1px|1px|false|false\u00a0\u00bb custom_padding=\u00a0\u00bb1px|1px|1px|1px|false|false\u00a0\u00bb border_width_all=\u00a0\u00bb1px\u00a0\u00bb global_colors_info=\u00a0\u00bb{}\u00a0\u00bb _i=\u00a0\u00bb13&Prime; _address=\u00a0\u00bb0.4.0.13&Prime; \/][et_pb_divider show_divider=\u00a0\u00bboff\u00a0\u00bb admin_label=\u00a0\u00bbS\u00e9parateur\u00a0\u00bb _builder_version=\u00a0\u00bb4.20.4&Prime; global_colors_info=\u00a0\u00bb{}\u00a0\u00bb][\/et_pb_divider][\/et_pb_column][\/et_pb_row][\/et_pb_section]<\/p>\n","protected":false},"excerpt":{"rendered":"<p>\u00c0 propos \ud83c\udf1e\u00a0Avant de confirmer votre inscription en ligne, nous vous invitons \u00e0 communiquer avec notre \u00e9quipe afin de discuter des d\u00e9tails concernant vos cours de musique. Horaire des appels : du lundi au jeudi, de 11 h \u00e0 13 h de pr\u00e9f\u00e9rence ou laissez-nous un message texto ou vocal, nous communiquerons avec vous rapidement. [&hellip;]<\/p>\n","protected":false},"author":68,"featured_media":0,"parent":0,"menu_order":0,"comment_status":"closed","ping_status":"closed","template":"","meta":{"_et_pb_use_builder":"on","_et_pb_old_content":"","_et_gb_content_width":"","footnotes":""},"class_list":["post-24312","page","type-page","status-publish","hentry"],"_links":{"self":[{"href":"https:\/\/www.loreillemusclee.com\/en\/wp-json\/wp\/v2\/pages\/24312","targetHints":{"allow":["GET"]}}],"collection":[{"href":"https:\/\/www.loreillemusclee.com\/en\/wp-json\/wp\/v2\/pages"}],"about":[{"href":"https:\/\/www.loreillemusclee.com\/en\/wp-json\/wp\/v2\/types\/page"}],"author":[{"embeddable":true,"href":"https:\/\/www.loreillemusclee.com\/en\/wp-json\/wp\/v2\/users\/68"}],"replies":[{"embeddable":true,"href":"https:\/\/www.loreillemusclee.com\/en\/wp-json\/wp\/v2\/comments?post=24312"}],"version-history":[{"count":28,"href":"https:\/\/www.loreillemusclee.com\/en\/wp-json\/wp\/v2\/pages\/24312\/revisions"}],"predecessor-version":[{"id":24371,"href":"https:\/\/www.loreillemusclee.com\/en\/wp-json\/wp\/v2\/pages\/24312\/revisions\/24371"}],"wp:attachment":[{"href":"https:\/\/www.loreillemusclee.com\/en\/wp-json\/wp\/v2\/media?parent=24312"}],"curies":[{"name":"wp","href":"https:\/\/api.w.org\/{rel}","templated":true}]}}