{"id":4311,"date":"2017-11-09T23:00:31","date_gmt":"2017-11-10T04:00:31","guid":{"rendered":"http:\/\/www.loreillemusclee.com\/?page_id=4311"},"modified":"2026-04-30T19:02:49","modified_gmt":"2026-04-30T23:02:49","slug":"cours-de-musique","status":"publish","type":"page","link":"https:\/\/www.loreillemusclee.com\/en\/cours-de-musique\/","title":{"rendered":"LESSONS"},"content":{"rendered":"<p>[et_pb_section fb_built=\u00a0\u00bb1&Prime; fullwidth=\u00a0\u00bbon\u00a0\u00bb _builder_version=\u00a0\u00bb4.16&Prime; global_colors_info=\u00a0\u00bb{}\u00a0\u00bb][et_pb_fullwidth_header title=\u00a0\u00bbCours de musique \u00e0 Lachine pour enfants, ados et adultes\u00a0\u00bb subhead=\u00a0\u00bbApprenez, progressez et prenez plaisir \u00e0 jouer ou chanter \u00a0\u00bb admin_label=\u00a0\u00bb\u00c9cole de musique banni\u00e8re\u00a0\u00bb _builder_version=\u00a0\u00bb4.27.5&Prime; content_font_size=\u00a0\u00bb20px\u00a0\u00bb subhead_font_size=\u00a0\u00bb20px\u00a0\u00bb background_color=\u00a0\u00bb#f15a22&Prime; z_index_tablet=\u00a0\u00bb500&Prime; title_text_shadow_horizontal_length_tablet=\u00a0\u00bb0px\u00a0\u00bb title_text_shadow_vertical_length_tablet=\u00a0\u00bb0px\u00a0\u00bb title_text_shadow_blur_strength_tablet=\u00a0\u00bb1px\u00a0\u00bb content_text_shadow_horizontal_length_tablet=\u00a0\u00bb0px\u00a0\u00bb content_text_shadow_vertical_length_tablet=\u00a0\u00bb0px\u00a0\u00bb content_text_shadow_blur_strength_tablet=\u00a0\u00bb1px\u00a0\u00bb subhead_text_shadow_horizontal_length_tablet=\u00a0\u00bb0px\u00a0\u00bb subhead_text_shadow_vertical_length_tablet=\u00a0\u00bb0px\u00a0\u00bb subhead_text_shadow_blur_strength_tablet=\u00a0\u00bb1px\u00a0\u00bb content_link_text_shadow_horizontal_length_tablet=\u00a0\u00bb0px\u00a0\u00bb content_link_text_shadow_vertical_length_tablet=\u00a0\u00bb0px\u00a0\u00bb content_link_text_shadow_blur_strength_tablet=\u00a0\u00bb1px\u00a0\u00bb content_ul_text_shadow_horizontal_length_tablet=\u00a0\u00bb0px\u00a0\u00bb content_ul_text_shadow_vertical_length_tablet=\u00a0\u00bb0px\u00a0\u00bb content_ul_text_shadow_blur_strength_tablet=\u00a0\u00bb1px\u00a0\u00bb content_ol_text_shadow_horizontal_length_tablet=\u00a0\u00bb0px\u00a0\u00bb content_ol_text_shadow_vertical_length_tablet=\u00a0\u00bb0px\u00a0\u00bb content_ol_text_shadow_blur_strength_tablet=\u00a0\u00bb1px\u00a0\u00bb content_quote_text_shadow_horizontal_length_tablet=\u00a0\u00bb0px\u00a0\u00bb content_quote_text_shadow_vertical_length_tablet=\u00a0\u00bb0px\u00a0\u00bb content_quote_text_shadow_blur_strength_tablet=\u00a0\u00bb1px\u00a0\u00bb button_one_text_shadow_horizontal_length_tablet=\u00a0\u00bb0px\u00a0\u00bb button_one_text_shadow_vertical_length_tablet=\u00a0\u00bb0px\u00a0\u00bb button_one_text_shadow_blur_strength_tablet=\u00a0\u00bb1px\u00a0\u00bb button_two_text_shadow_horizontal_length_tablet=\u00a0\u00bb0px\u00a0\u00bb button_two_text_shadow_vertical_length_tablet=\u00a0\u00bb0px\u00a0\u00bb button_two_text_shadow_blur_strength_tablet=\u00a0\u00bb1px\u00a0\u00bb box_shadow_horizontal_tablet=\u00a0\u00bb0px\u00a0\u00bb box_shadow_vertical_tablet=\u00a0\u00bb0px\u00a0\u00bb box_shadow_blur_tablet=\u00a0\u00bb40px\u00a0\u00bb box_shadow_spread_tablet=\u00a0\u00bb0px\u00a0\u00bb box_shadow_horizontal_image_tablet=\u00a0\u00bb0px\u00a0\u00bb box_shadow_vertical_image_tablet=\u00a0\u00bb0px\u00a0\u00bb box_shadow_blur_image_tablet=\u00a0\u00bb40px\u00a0\u00bb box_shadow_spread_image_tablet=\u00a0\u00bb0px\u00a0\u00bb box_shadow_horizontal_button_one_tablet=\u00a0\u00bb0px\u00a0\u00bb box_shadow_vertical_button_one_tablet=\u00a0\u00bb0px\u00a0\u00bb box_shadow_blur_button_one_tablet=\u00a0\u00bb40px\u00a0\u00bb box_shadow_spread_button_one_tablet=\u00a0\u00bb0px\u00a0\u00bb box_shadow_horizontal_button_two_tablet=\u00a0\u00bb0px\u00a0\u00bb box_shadow_vertical_button_two_tablet=\u00a0\u00bb0px\u00a0\u00bb box_shadow_blur_button_two_tablet=\u00a0\u00bb40px\u00a0\u00bb box_shadow_spread_button_two_tablet=\u00a0\u00bb0px\u00a0\u00bb text_shadow_horizontal_length_tablet=\u00a0\u00bb0px\u00a0\u00bb text_shadow_vertical_length_tablet=\u00a0\u00bb0px\u00a0\u00bb text_shadow_blur_strength_tablet=\u00a0\u00bb1px\u00a0\u00bb button_one_letter_spacing_hover=\u00a0\u00bb0&Prime; button_two_letter_spacing_hover=\u00a0\u00bb0&Prime; saved_tabs=\u00a0\u00bball\u00a0\u00bb global_colors_info=\u00a0\u00bb{}\u00a0\u00bb][\/et_pb_fullwidth_header][\/et_pb_section][et_pb_section fb_built=\u00a0\u00bb1&Prime; _builder_version=\u00a0\u00bb4.27.5&Prime; _module_preset=\u00a0\u00bbdefault\u00a0\u00bb background_color=\u00a0\u00bbrgba(0,0,0,0.1)\u00a0\u00bb global_colors_info=\u00a0\u00bb{}\u00a0\u00bb][et_pb_row column_structure=\u00a0\u00bb3_5,2_5&Prime; _builder_version=\u00a0\u00bb4.27.5&Prime; _module_preset=\u00a0\u00bbdefault\u00a0\u00bb background_enable_color=\u00a0\u00bboff\u00a0\u00bb global_colors_info=\u00a0\u00bb{}\u00a0\u00bb][et_pb_column type=\u00a0\u00bb3_5&Prime; _builder_version=\u00a0\u00bb4.27.5&Prime; _module_preset=\u00a0\u00bbdefault\u00a0\u00bb global_colors_info=\u00a0\u00bb{}\u00a0\u00bb][et_pb_video_slider show_image_overlay=\u00a0\u00bbon\u00a0\u00bb _builder_version=\u00a0\u00bb4.27.5&Prime; _module_preset=\u00a0\u00bbdefault\u00a0\u00bb global_colors_info=\u00a0\u00bb{}\u00a0\u00bb][et_pb_video_slider_item src=\u00a0\u00bbhttps:\/\/www.loreillemusclee.com\/wp-content\/uploads\/2023\/03\/FRANCAIS-OREILLE-MUSCLEE-SEBEDIT-MONTAGE-05-FEVRIER-2023_1.mp4&Prime; image_src=\u00a0\u00bbhttps:\/\/www.loreillemusclee.com\/wp-content\/uploads\/2021\/08\/PROFS-GROUPE.jpg\u00a0\u00bb _builder_version=\u00a0\u00bb4.27.5&Prime; _module_preset=\u00a0\u00bbdefault\u00a0\u00bb global_colors_info=\u00a0\u00bb{}\u00a0\u00bb show_image_overlay=\u00a0\u00bbon\u00a0\u00bb][\/et_pb_video_slider_item][\/et_pb_video_slider][\/et_pb_column][et_pb_column type=\u00a0\u00bb2_5&Prime; _builder_version=\u00a0\u00bb4.27.5&Prime; _module_preset=\u00a0\u00bbdefault\u00a0\u00bb global_colors_info=\u00a0\u00bb{}\u00a0\u00bb][et_pb_divider show_divider=\u00a0\u00bboff\u00a0\u00bb _builder_version=\u00a0\u00bb4.27.4&Prime; _module_preset=\u00a0\u00bbdefault\u00a0\u00bb global_colors_info=\u00a0\u00bb{}\u00a0\u00bb][\/et_pb_divider][et_pb_button button_url=\u00a0\u00bbhttps:\/\/www.loreillemusclee.com\/reservation\/\u00a0\u00bb button_text=\u00a0\u00bbR\u00e9server mon premier cours\u00a0\u00bb admin_label=\u00a0\u00bbR\u00e9server un cours\u00a0\u00bb _builder_version=\u00a0\u00bb4.27.5&Prime; _module_preset=\u00a0\u00bbdefault\u00a0\u00bb global_colors_info=\u00a0\u00bb{}\u00a0\u00bb][\/et_pb_button][et_pb_text admin_label=\u00a0\u00bbappeler avant de r\u00e9server un cours de musique\u00a0\u00bb _builder_version=\u00a0\u00bb4.27.5&Prime; _module_preset=\u00a0\u00bbdefault\u00a0\u00bb global_colors_info=\u00a0\u00bb{}\u00a0\u00bb]<\/p>\n<div class=\"et_pb_module et_pb_text et_pb_text_0  et_pb_text_align_left et_pb_bg_layout_light\">\n<div class=\"et_pb_text_inner\">\n<p>\u00c0 propos<\/p>\n<hr \/>\n<p>\ud83c\udf1e\u00a0Avant de confirmer votre inscription en ligne, nous vous invitons \u00e0 communiquer avec notre \u00e9quipe afin de discuter des d\u00e9tails concernant vos cours de musique.<\/p>\n<p>Horaire des appels : du lundi au jeudi, de 11 h \u00e0 13 h de pr\u00e9f\u00e9rence ou laissez-nous un message texto ou vocal, nous communiquerons avec vous rapidement.<\/p>\n<p>T\u00e9l\u00e9phone : 514-418-1511<\/p>\n<\/div>\n<\/div>\n<p>[\/et_pb_text][et_pb_button button_url=\u00a0\u00bbhttps:\/\/www.loreillemusclee.com\/tarifs-cours-de-musique\/\u00a0\u00bb button_text=\u00a0\u00bbVoir les tarifs\u00a0\u00bb admin_label=\u00a0\u00bbNos tarifs\u00a0\u00bb _builder_version=\u00a0\u00bb4.27.5&Prime; _module_preset=\u00a0\u00bbdefault\u00a0\u00bb custom_css_free_form=\u00a0\u00bbtarifs\u00a0\u00bb global_colors_info=\u00a0\u00bb{}\u00a0\u00bb][\/et_pb_button][et_pb_divider show_divider=\u00a0\u00bboff\u00a0\u00bb _builder_version=\u00a0\u00bb4.27.4&Prime; _module_preset=\u00a0\u00bbdefault\u00a0\u00bb global_colors_info=\u00a0\u00bb{}\u00a0\u00bb][\/et_pb_divider][et_pb_button button_url=\u00a0\u00bbhttps:\/\/youtu.be\/SMEgLO2nTbo\u00a0\u00bb button_text=\u00a0\u00bbD\u00e9couvrir nos professeur(e)s\u00a0\u00bb button_alignment=\u00a0\u00bbcenter\u00a0\u00bb admin_label=\u00a0\u00bbprofesseur(e)s\u00a0\u00bb _builder_version=\u00a0\u00bb4.27.5&Prime; _module_preset=\u00a0\u00bbdefault\u00a0\u00bb global_colors_info=\u00a0\u00bb{}\u00a0\u00bb][\/et_pb_button][et_pb_divider show_divider=\u00a0\u00bboff\u00a0\u00bb _builder_version=\u00a0\u00bb4.27.5&Prime; _module_preset=\u00a0\u00bbdefault\u00a0\u00bb global_colors_info=\u00a0\u00bb{}\u00a0\u00bb][\/et_pb_divider][\/et_pb_column][\/et_pb_row][\/et_pb_section][et_pb_section fb_built=\u00a0\u00bb1&Prime; _builder_version=\u00a0\u00bb4.27.5&Prime; _module_preset=\u00a0\u00bbdefault\u00a0\u00bb background_color=\u00a0\u00bbrgba(0,0,0,0.25)\u00a0\u00bb global_colors_info=\u00a0\u00bb{}\u00a0\u00bb][et_pb_row _builder_version=\u00a0\u00bb4.27.5&Prime; background_size=\u00a0\u00bbinitial\u00a0\u00bb background_position=\u00a0\u00bbtop_left\u00a0\u00bb background_repeat=\u00a0\u00bbrepeat\u00a0\u00bb global_colors_info=\u00a0\u00bb{}\u00a0\u00bb][et_pb_column type=\u00a0\u00bb4_4&Prime; _builder_version=\u00a0\u00bb4.16&Prime; custom_padding=\u00a0\u00bb|||\u00a0\u00bb global_colors_info=\u00a0\u00bb{}\u00a0\u00bb custom_padding__hover=\u00a0\u00bb|||\u00a0\u00bb][et_pb_image title_text=\u00a0\u00bbToute l&rsquo;\u00c9quipe 2026 professeur(e)s de musique\u00a0\u00bb force_fullwidth=\u00a0\u00bbon\u00a0\u00bb admin_label=\u00a0\u00bbphoto des enseignants 2025&Prime; _builder_version=\u00a0\u00bb4.27.6&Prime; _module_preset=\u00a0\u00bbdefault\u00a0\u00bb background_color=\u00a0\u00bb#dd5c00&Prime; hover_enabled=\u00a0\u00bb0&Prime; global_colors_info=\u00a0\u00bb{}\u00a0\u00bb src=\u00a0\u00bbhttp:\/\/www.loreillemusclee.com\/wp-content\/uploads\/2026\/04\/Toute-Equipe-2026-professeures-my-project-page-2.png\u00a0\u00bb sticky_enabled=\u00a0\u00bb0&Prime;][\/et_pb_image][et_pb_tabs _builder_version=\u00a0\u00bb4.27.5&Prime; _module_preset=\u00a0\u00bbdefault\u00a0\u00bb global_colors_info=\u00a0\u00bb{}\u00a0\u00bb][et_pb_tab title=\u00a0\u00bbViolon\u00a0\u00bb _builder_version=\u00a0\u00bb4.27.5&Prime; _module_preset=\u00a0\u00bbdefault\u00a0\u00bb link_option_url=\u00a0\u00bbhttps:\/\/www.loreillemusclee.com\/cours-de-violon\/\u00a0\u00bb link_option_url_new_window=\u00a0\u00bbon\u00a0\u00bb global_colors_info=\u00a0\u00bb{}\u00a0\u00bb]<\/p>\n<p><a href=\"https:\/\/www.loreillemusclee.com\/cours-de-violon\/\">Apprenez le violon d\u00e8s l&rsquo;a\u011de de 5 ans, avec des cours adapt\u00e9s \u00e0 tous les niveaux, pour d\u00e9velopper votre technique, votre expressivit\u00e9 et explorer divers r\u00e9pertoires musicaux.<\/a><\/p>\n<p>[\/et_pb_tab][et_pb_tab title=\u00a0\u00bb\u00c9criture cr\u00e9ative\u00a0\u00bb _builder_version=\u00a0\u00bb4.27.4&Prime; _module_preset=\u00a0\u00bbdefault\u00a0\u00bb link_option_url=\u00a0\u00bbhttps:\/\/www.loreillemusclee.com\/cours-decriture-creative\/\u00a0\u00bb link_option_url_new_window=\u00a0\u00bbon\u00a0\u00bb global_colors_info=\u00a0\u00bb{}\u00a0\u00bb]<\/p>\n<p><a href=\"https:\/\/www.loreillemusclee.com\/cours-decriture-creative\/\">Explorer l\u2019\u00e9criture de texte, la structure musicale, la m\u00e9lodie et l\u2019expression personnelle\u2026 le tout avec l&rsquo;auteur-compositeur-interpr\u00e8te Frizz Larouche dans une ambiance d\u00e9contract\u00e9e, cr\u00e9ative et bienveillante.<\/a><\/p>\n<p>[\/et_pb_tab][et_pb_tab title=\u00a0\u00bbBatterie, percussion\u00a0\u00bb _builder_version=\u00a0\u00bb4.27.4&Prime; _module_preset=\u00a0\u00bbdefault\u00a0\u00bb link_option_url=\u00a0\u00bbhttps:\/\/www.loreillemusclee.com\/cours-de-batterie-et-percussion\/\u00a0\u00bb link_option_url_new_window=\u00a0\u00bbon\u00a0\u00bb global_colors_info=\u00a0\u00bb{}\u00a0\u00bb]<\/p>\n<p><a href=\"https:\/\/www.loreillemusclee.com\/cours-de-batterie-et-percussion\/\">Initiez-vous d\u00e8s l&rsquo;\u00e2ge de 6-7 ans aux rythmes dynamiques de la batterie et des percussions, en perfectionnant votre sens du tempo et en explorant des styles vari\u00e9s, du rock au jazz.<\/a><\/p>\n<p>[\/et_pb_tab][et_pb_tab title=\u00a0\u00bbPiano tous styles\u00a0\u00bb _builder_version=\u00a0\u00bb4.27.4&Prime; _module_preset=\u00a0\u00bbdefault\u00a0\u00bb link_option_url=\u00a0\u00bbhttps:\/\/www.loreillemusclee.com\/cours-de-piano\/\u00a0\u00bb link_option_url_new_window=\u00a0\u00bbon\u00a0\u00bb global_colors_info=\u00a0\u00bb{}\u00a0\u00bb]<\/p>\n<p><a href=\"https:\/\/www.loreillemusclee.com\/cours-de-piano\/\">D\u00e9butez les cours de piano d\u00e8s l\u2019\u00e2ge de 5 ans et d\u00e9veloppez vos comp\u00e9tences pianistiques avec des cours adapt\u00e9s \u00e0 tous les niveaux, en explorant une vari\u00e9t\u00e9 de r\u00e9pertoires allant du classique \u00e0 la musique contemporaine.<\/a><\/p>\n<p>[\/et_pb_tab][et_pb_tab title=\u00a0\u00bbGuitare, ukul\u00e9l\u00e9\u00a0\u00bb _builder_version=\u00a0\u00bb4.27.4&Prime; _module_preset=\u00a0\u00bbdefault\u00a0\u00bb global_colors_info=\u00a0\u00bb{}\u00a0\u00bb]<\/p>\n<p class=\"\" data-start=\"645\" data-end=\"814\">Apprenez \u00e0 jouer de la guitare et\/ou du ukul\u00e9l\u00e9 d\u00e8s l&rsquo;age de 6-7 ans \u00e0 travers des techniques adapt\u00e9es \u00e0 votre niveau, en explorant divers genres musicaux, du classique \u00e0 la musique moderne.<br data-start=\"839\" data-end=\"842\" \/>Que vous soyez d\u00e9butant ou avanc\u00e9, explorez les bases de la basse avec un focus sur la rythmique et l&rsquo;harmonie.<\/p>\n<p>[\/et_pb_tab][et_pb_tab title=\u00a0\u00bbChant tous styles\u00a0\u00bb _builder_version=\u00a0\u00bb4.27.4&Prime; _module_preset=\u00a0\u00bbdefault\u00a0\u00bb link_option_url=\u00a0\u00bbhttps:\/\/www.loreillemusclee.com\/cours-de-chant\/\u00a0\u00bb link_option_url_new_window=\u00a0\u00bbon\u00a0\u00bb global_colors_info=\u00a0\u00bb{}\u00a0\u00bb]<\/p>\n<p><a href=\"https:\/\/www.loreillemusclee.com\/cours-de-chant\/\">Perfectionnez votre technique vocale d\u00e8s l&rsquo;\u00e2ge de 14 ans, d\u00e9veloppez votre expressivit\u00e9 et explorez diff\u00e9rents styles musicaux, tout en gagnant en confiance et en pr\u00e9sence sc\u00e9nique.<\/a><\/p>\n<p>[\/et_pb_tab][\/et_pb_tabs][et_pb_text admin_label=\u00a0\u00bbDescription g\u00e9n\u00e9rale des cours\u00a0\u00bb _builder_version=\u00a0\u00bb4.27.5&Prime; z_index_tablet=\u00a0\u00bb500&Prime; text_text_shadow_horizontal_length_tablet=\u00a0\u00bb0px\u00a0\u00bb text_text_shadow_vertical_length_tablet=\u00a0\u00bb0px\u00a0\u00bb text_text_shadow_blur_strength_tablet=\u00a0\u00bb1px\u00a0\u00bb link_text_shadow_horizontal_length_tablet=\u00a0\u00bb0px\u00a0\u00bb link_text_shadow_vertical_length_tablet=\u00a0\u00bb0px\u00a0\u00bb link_text_shadow_blur_strength_tablet=\u00a0\u00bb1px\u00a0\u00bb ul_text_shadow_horizontal_length_tablet=\u00a0\u00bb0px\u00a0\u00bb ul_text_shadow_vertical_length_tablet=\u00a0\u00bb0px\u00a0\u00bb ul_text_shadow_blur_strength_tablet=\u00a0\u00bb1px\u00a0\u00bb ol_text_shadow_horizontal_length_tablet=\u00a0\u00bb0px\u00a0\u00bb ol_text_shadow_vertical_length_tablet=\u00a0\u00bb0px\u00a0\u00bb ol_text_shadow_blur_strength_tablet=\u00a0\u00bb1px\u00a0\u00bb quote_text_shadow_horizontal_length_tablet=\u00a0\u00bb0px\u00a0\u00bb quote_text_shadow_vertical_length_tablet=\u00a0\u00bb0px\u00a0\u00bb quote_text_shadow_blur_strength_tablet=\u00a0\u00bb1px\u00a0\u00bb header_text_shadow_horizontal_length_tablet=\u00a0\u00bb0px\u00a0\u00bb header_text_shadow_vertical_length_tablet=\u00a0\u00bb0px\u00a0\u00bb header_text_shadow_blur_strength_tablet=\u00a0\u00bb1px\u00a0\u00bb header_2_text_shadow_horizontal_length_tablet=\u00a0\u00bb0px\u00a0\u00bb header_2_text_shadow_vertical_length_tablet=\u00a0\u00bb0px\u00a0\u00bb header_2_text_shadow_blur_strength_tablet=\u00a0\u00bb1px\u00a0\u00bb header_3_text_shadow_horizontal_length_tablet=\u00a0\u00bb0px\u00a0\u00bb header_3_text_shadow_vertical_length_tablet=\u00a0\u00bb0px\u00a0\u00bb header_3_text_shadow_blur_strength_tablet=\u00a0\u00bb1px\u00a0\u00bb header_4_text_shadow_horizontal_length_tablet=\u00a0\u00bb0px\u00a0\u00bb header_4_text_shadow_vertical_length_tablet=\u00a0\u00bb0px\u00a0\u00bb header_4_text_shadow_blur_strength_tablet=\u00a0\u00bb1px\u00a0\u00bb header_5_text_shadow_horizontal_length_tablet=\u00a0\u00bb0px\u00a0\u00bb header_5_text_shadow_vertical_length_tablet=\u00a0\u00bb0px\u00a0\u00bb header_5_text_shadow_blur_strength_tablet=\u00a0\u00bb1px\u00a0\u00bb header_6_text_shadow_horizontal_length_tablet=\u00a0\u00bb0px\u00a0\u00bb header_6_text_shadow_vertical_length_tablet=\u00a0\u00bb0px\u00a0\u00bb header_6_text_shadow_blur_strength_tablet=\u00a0\u00bb1px\u00a0\u00bb box_shadow_horizontal_tablet=\u00a0\u00bb0px\u00a0\u00bb box_shadow_vertical_tablet=\u00a0\u00bb0px\u00a0\u00bb box_shadow_blur_tablet=\u00a0\u00bb40px\u00a0\u00bb box_shadow_spread_tablet=\u00a0\u00bb0px\u00a0\u00bb global_colors_info=\u00a0\u00bb{}\u00a0\u00bb]<\/p>\n<p><strong>\u00c0<\/strong> partir de 5-6 ans, vous pourrez explorer et approfondir la technique, la lecture musicale et l\u2019interpr\u00e9tation. Notre objectif est de d\u00e9velopper votre sensibilit\u00e9 musicale tout en vous initiant au monde de la musique.<\/p>\n<p>Dans un environnement convivial et ludique, chaque s\u00e9ance est une exp\u00e9rience unique. Vous progresserez de mani\u00e8re structur\u00e9e, en respectant vos pr\u00e9f\u00e9rences musicales. De plus, des instruments sont disponibles \u00e0 l&rsquo;achat ou \u00e0 la location mensuelle pour accompagner vos p\u00e9riodes de pratique.<\/p>\n<p>Les cours, individuels ou en petit groupe, peuvent aborder une vari\u00e9t\u00e9 de sujets, tels que la th\u00e9orie musicale, la technique, l&rsquo;interpr\u00e9tation, l&rsquo;improvisation vocale ou instrumentale, la pr\u00e9paration d&rsquo;auditions, de concours ou d&rsquo;examens d&rsquo;entr\u00e9e dans des programmes de musique aux niveaux primaire, secondaire, c\u00e9gep et universitaire, ainsi que la composition, les arrangements musicaux et la production musicale assist\u00e9e par ordinateur, toujours en accord avec les besoins et les int\u00e9r\u00eats de l&rsquo;\u00e9l\u00e8ve.<\/p>\n<p>[\/et_pb_text][et_pb_divider show_divider=\u00a0\u00bboff\u00a0\u00bb _builder_version=\u00a0\u00bb4.27.5&Prime; global_colors_info=\u00a0\u00bb{}\u00a0\u00bb][\/et_pb_divider][\/et_pb_column][\/et_pb_row][et_pb_row _builder_version=\u00a0\u00bb4.27.5&Prime; _module_preset=\u00a0\u00bbdefault\u00a0\u00bb background_enable_color=\u00a0\u00bboff\u00a0\u00bb global_colors_info=\u00a0\u00bb{}\u00a0\u00bb][et_pb_column type=\u00a0\u00bb4_4&Prime; _builder_version=\u00a0\u00bb4.27.4&Prime; _module_preset=\u00a0\u00bbdefault\u00a0\u00bb global_colors_info=\u00a0\u00bb{}\u00a0\u00bb][et_pb_text admin_label=\u00a0\u00bbcours en ligne\u00a0\u00bb _builder_version=\u00a0\u00bb4.27.5&Prime; text_text_color=\u00a0\u00bb#FFFFFF\u00a0\u00bb header_text_color=\u00a0\u00bb#000000&Prime; background_enable_color=\u00a0\u00bboff\u00a0\u00bb background_layout=\u00a0\u00bbdark\u00a0\u00bb custom_margin=\u00a0\u00bb2px|2px|2px|2px|false|false\u00a0\u00bb custom_padding=\u00a0\u00bb2px|2px|2px|2px|false|false\u00a0\u00bb link_option_url_new_window=\u00a0\u00bbon\u00a0\u00bb z_index_tablet=\u00a0\u00bb500&Prime; text_text_shadow_horizontal_length_tablet=\u00a0\u00bb0px\u00a0\u00bb text_text_shadow_vertical_length_tablet=\u00a0\u00bb0px\u00a0\u00bb text_text_shadow_blur_strength_tablet=\u00a0\u00bb1px\u00a0\u00bb link_text_shadow_horizontal_length_tablet=\u00a0\u00bb0px\u00a0\u00bb link_text_shadow_vertical_length_tablet=\u00a0\u00bb0px\u00a0\u00bb link_text_shadow_blur_strength_tablet=\u00a0\u00bb1px\u00a0\u00bb ul_text_shadow_horizontal_length_tablet=\u00a0\u00bb0px\u00a0\u00bb ul_text_shadow_vertical_length_tablet=\u00a0\u00bb0px\u00a0\u00bb ul_text_shadow_blur_strength_tablet=\u00a0\u00bb1px\u00a0\u00bb ol_text_shadow_horizontal_length_tablet=\u00a0\u00bb0px\u00a0\u00bb ol_text_shadow_vertical_length_tablet=\u00a0\u00bb0px\u00a0\u00bb ol_text_shadow_blur_strength_tablet=\u00a0\u00bb1px\u00a0\u00bb quote_text_shadow_horizontal_length_tablet=\u00a0\u00bb0px\u00a0\u00bb quote_text_shadow_vertical_length_tablet=\u00a0\u00bb0px\u00a0\u00bb quote_text_shadow_blur_strength_tablet=\u00a0\u00bb1px\u00a0\u00bb header_text_shadow_horizontal_length_tablet=\u00a0\u00bb0px\u00a0\u00bb header_text_shadow_vertical_length_tablet=\u00a0\u00bb0px\u00a0\u00bb header_text_shadow_blur_strength_tablet=\u00a0\u00bb1px\u00a0\u00bb header_2_text_shadow_horizontal_length_tablet=\u00a0\u00bb0px\u00a0\u00bb header_2_text_shadow_vertical_length_tablet=\u00a0\u00bb0px\u00a0\u00bb header_2_text_shadow_blur_strength_tablet=\u00a0\u00bb1px\u00a0\u00bb header_3_text_shadow_horizontal_length_tablet=\u00a0\u00bb0px\u00a0\u00bb header_3_text_shadow_vertical_length_tablet=\u00a0\u00bb0px\u00a0\u00bb header_3_text_shadow_blur_strength_tablet=\u00a0\u00bb1px\u00a0\u00bb header_4_text_shadow_horizontal_length_tablet=\u00a0\u00bb0px\u00a0\u00bb header_4_text_shadow_vertical_length_tablet=\u00a0\u00bb0px\u00a0\u00bb header_4_text_shadow_blur_strength_tablet=\u00a0\u00bb1px\u00a0\u00bb header_5_text_shadow_horizontal_length_tablet=\u00a0\u00bb0px\u00a0\u00bb header_5_text_shadow_vertical_length_tablet=\u00a0\u00bb0px\u00a0\u00bb header_5_text_shadow_blur_strength_tablet=\u00a0\u00bb1px\u00a0\u00bb header_6_text_shadow_horizontal_length_tablet=\u00a0\u00bb0px\u00a0\u00bb header_6_text_shadow_vertical_length_tablet=\u00a0\u00bb0px\u00a0\u00bb header_6_text_shadow_blur_strength_tablet=\u00a0\u00bb1px\u00a0\u00bb box_shadow_horizontal_tablet=\u00a0\u00bb0px\u00a0\u00bb box_shadow_vertical_tablet=\u00a0\u00bb0px\u00a0\u00bb box_shadow_blur_tablet=\u00a0\u00bb40px\u00a0\u00bb box_shadow_spread_tablet=\u00a0\u00bb0px\u00a0\u00bb global_colors_info=\u00a0\u00bb{}\u00a0\u00bb]<\/p>\n<h4 style=\"text-align: center;\"><a href=\"https:\/\/www.loreillemusclee.com\/cours-de-musique-en-ligne-personnalises\/\"><strong>Cours en ligne par ici&#8230;<\/strong><\/a><\/h4>\n<p><a href=\"https:\/\/www.loreillemusclee.com\/cours-de-musique-en-ligne-personnalises\/\"><img loading=\"lazy\" decoding=\"async\" class=\"wp-image-22064 aligncenter\" src=\"https:\/\/www.loreillemusclee.com\/wp-content\/uploads\/2025\/03\/cours-de-violon-en-ligne-2025-03-05-120605-300x204.png\" alt=\"\" width=\"153\" height=\"104\" srcset=\"https:\/\/www.loreillemusclee.com\/wp-content\/uploads\/2025\/03\/cours-de-violon-en-ligne-2025-03-05-120605-300x204.png 300w, https:\/\/www.loreillemusclee.com\/wp-content\/uploads\/2025\/03\/cours-de-violon-en-ligne-2025-03-05-120605-18x12.png 18w, https:\/\/www.loreillemusclee.com\/wp-content\/uploads\/2025\/03\/cours-de-violon-en-ligne-2025-03-05-120605-409x278.png 409w, https:\/\/www.loreillemusclee.com\/wp-content\/uploads\/2025\/03\/cours-de-violon-en-ligne-2025-03-05-120605.png 456w\" sizes=\"(max-width: 153px) 100vw, 153px\" \/><\/a><\/p>\n<p>[\/et_pb_text][et_pb_divider show_divider=\u00a0\u00bboff\u00a0\u00bb _builder_version=\u00a0\u00bb4.27.4&Prime; global_colors_info=\u00a0\u00bb{}\u00a0\u00bb][\/et_pb_divider][\/et_pb_column][\/et_pb_row][\/et_pb_section]<\/p>\n","protected":false},"excerpt":{"rendered":"<p>\u00c0 propos \ud83c\udf1e\u00a0Avant de confirmer votre inscription en ligne, nous vous invitons \u00e0 communiquer avec notre \u00e9quipe afin de discuter des d\u00e9tails concernant vos cours de musique. Horaire des appels : du lundi au jeudi, de 11 h \u00e0 13 h de pr\u00e9f\u00e9rence ou laissez-nous un message texto ou vocal, nous communiquerons avec vous rapidement. [&hellip;]<\/p>\n","protected":false},"author":1,"featured_media":17941,"parent":0,"menu_order":0,"comment_status":"closed","ping_status":"closed","template":"","meta":{"_et_pb_use_builder":"on","_et_pb_old_content":"","_et_gb_content_width":"","footnotes":""},"class_list":["post-4311","page","type-page","status-publish","has-post-thumbnail","hentry"],"_links":{"self":[{"href":"https:\/\/www.loreillemusclee.com\/en\/wp-json\/wp\/v2\/pages\/4311","targetHints":{"allow":["GET"]}}],"collection":[{"href":"https:\/\/www.loreillemusclee.com\/en\/wp-json\/wp\/v2\/pages"}],"about":[{"href":"https:\/\/www.loreillemusclee.com\/en\/wp-json\/wp\/v2\/types\/page"}],"author":[{"embeddable":true,"href":"https:\/\/www.loreillemusclee.com\/en\/wp-json\/wp\/v2\/users\/1"}],"replies":[{"embeddable":true,"href":"https:\/\/www.loreillemusclee.com\/en\/wp-json\/wp\/v2\/comments?post=4311"}],"version-history":[{"count":363,"href":"https:\/\/www.loreillemusclee.com\/en\/wp-json\/wp\/v2\/pages\/4311\/revisions"}],"predecessor-version":[{"id":24545,"href":"https:\/\/www.loreillemusclee.com\/en\/wp-json\/wp\/v2\/pages\/4311\/revisions\/24545"}],"wp:featuredmedia":[{"embeddable":true,"href":"https:\/\/www.loreillemusclee.com\/en\/wp-json\/wp\/v2\/media\/17941"}],"wp:attachment":[{"href":"https:\/\/www.loreillemusclee.com\/en\/wp-json\/wp\/v2\/media?parent=4311"}],"curies":[{"name":"wp","href":"https:\/\/api.w.org\/{rel}","templated":true}]}}