{"id":56,"date":"2016-05-06T21:02:48","date_gmt":"2016-05-06T19:02:48","guid":{"rendered":"http:\/\/www.loreillemusclee.com\/?page_id=56"},"modified":"2026-02-18T18:33:06","modified_gmt":"2026-02-18T22:33:06","slug":"accueil-2","status":"publish","type":"page","link":"https:\/\/www.loreillemusclee.com\/en\/","title":{"rendered":"L&rsquo;Oreille Muscl\u00e9e Centre Musical"},"content":{"rendered":"<p>[et_pb_section fb_built=\u00a0\u00bb1&Prime; fullwidth=\u00a0\u00bbon\u00a0\u00bb _builder_version=\u00a0\u00bb4.27.4&Prime; _module_preset=\u00a0\u00bbdefault\u00a0\u00bb background_color=\u00a0\u00bb#000000&Prime; module_alignment=\u00a0\u00bbcenter\u00a0\u00bb global_colors_info=\u00a0\u00bb{}\u00a0\u00bb][et_pb_fullwidth_image src=\u00a0\u00bbhttps:\/\/www.loreillemusclee.com\/wp-content\/uploads\/2025\/09\/Photo-Musiciens2-artguru-e1758479029621.png\u00a0\u00bb title_text=\u00a0\u00bbR\u00e9serve ta place en musique \u00e0 L&rsquo;Oreille Muscl\u00e9e Centre Musical\u00a0\u00bb url=\u00a0\u00bbhttps:\/\/www.loreillemusclee.com\/services-cours-enregistrements-studio-de-pratique-mixage-montreal-lachine\/\u00a0\u00bb url_new_window=\u00a0\u00bbon\u00a0\u00bb admin_label=\u00a0\u00bbImage page accueil lomcm\u00a0\u00bb _builder_version=\u00a0\u00bb4.27.4&Prime; _module_preset=\u00a0\u00bbdefault\u00a0\u00bb background_color=\u00a0\u00bb#000000&Prime; global_colors_info=\u00a0\u00bb{}\u00a0\u00bb][\/et_pb_fullwidth_image][\/et_pb_section][et_pb_section fb_built=\u00a0\u00bb1&Prime; _builder_version=\u00a0\u00bb4.19.4&Prime; _module_preset=\u00a0\u00bbdefault\u00a0\u00bb global_colors_info=\u00a0\u00bb{}\u00a0\u00bb][et_pb_row _builder_version=\u00a0\u00bb4.19.4&Prime; _module_preset=\u00a0\u00bbdefault\u00a0\u00bb collapsed=\u00a0\u00bboff\u00a0\u00bb global_colors_info=\u00a0\u00bb{}\u00a0\u00bb][et_pb_column type=\u00a0\u00bb4_4&Prime; _builder_version=\u00a0\u00bb4.19.4&Prime; _module_preset=\u00a0\u00bbdefault\u00a0\u00bb global_colors_info=\u00a0\u00bb{}\u00a0\u00bb][et_pb_divider show_divider=\u00a0\u00bboff\u00a0\u00bb _builder_version=\u00a0\u00bb4.27.4&Prime; _module_preset=\u00a0\u00bbdefault\u00a0\u00bb global_colors_info=\u00a0\u00bb{}\u00a0\u00bb][\/et_pb_divider][et_pb_text _builder_version=\u00a0\u00bb4.27.4&Prime; _module_preset=\u00a0\u00bbdefault\u00a0\u00bb text_font_size=\u00a0\u00bb17px\u00a0\u00bb global_colors_info=\u00a0\u00bb{}\u00a0\u00bb]<\/p>\n<h4 style=\"text-align: center;\"><strong data-start=\"177\" data-end=\"234\">L\u2019Oreille Muscl\u00e9e Centre Musical<br \/><\/strong><\/h4>\n<h4 style=\"text-align: center;\">Lieu de rencontres o\u00f9 la musique s\u2019apprend, se pratique et s&rsquo;enregistre<\/h4>\n<p>[\/et_pb_text][\/et_pb_column][\/et_pb_row][et_pb_row column_structure=\u00a0\u00bb1_5,1_5,1_5,1_5,1_5&Prime; use_custom_gutter=\u00a0\u00bbon\u00a0\u00bb _builder_version=\u00a0\u00bb4.27.4&Prime; _module_preset=\u00a0\u00bbdefault\u00a0\u00bb global_colors_info=\u00a0\u00bb{}\u00a0\u00bb][et_pb_column type=\u00a0\u00bb1_5&Prime; _builder_version=\u00a0\u00bb4.27.4&Prime; _module_preset=\u00a0\u00bbdefault\u00a0\u00bb global_colors_info=\u00a0\u00bb{}\u00a0\u00bb][et_pb_image src=\u00a0\u00bbhttps:\/\/www.loreillemusclee.com\/wp-content\/uploads\/2025\/09\/bouton-cours-de-musique.png\u00a0\u00bb title_text=\u00a0\u00bbCours de musique Lachine\u00a0\u00bb url=\u00a0\u00bbhttps:\/\/www.loreillemusclee.com\/cours-de-musique\/\u00a0\u00bb url_new_window=\u00a0\u00bbon\u00a0\u00bb admin_label=\u00a0\u00bbcours de musique icone\u00a0\u00bb _builder_version=\u00a0\u00bb4.27.4&Prime; _module_preset=\u00a0\u00bbdefault\u00a0\u00bb global_colors_info=\u00a0\u00bb{}\u00a0\u00bb][\/et_pb_image][\/et_pb_column][et_pb_column type=\u00a0\u00bb1_5&Prime; _builder_version=\u00a0\u00bb4.27.4&Prime; _module_preset=\u00a0\u00bbdefault\u00a0\u00bb global_colors_info=\u00a0\u00bb{}\u00a0\u00bb][et_pb_image src=\u00a0\u00bbhttps:\/\/www.loreillemusclee.com\/wp-content\/uploads\/2025\/09\/bouton-studios-de-pratique.png\u00a0\u00bb title_text=\u00a0\u00bbStudios de pratique et r\u00e9p\u00e9titions pour les musiciens \u00e0 Lachine\u00a0\u00bb url=\u00a0\u00bbhttps:\/\/www.loreillemusclee.com\/studios\/\u00a0\u00bb url_new_window=\u00a0\u00bbon\u00a0\u00bb admin_label=\u00a0\u00bbStudio de pratique icone\u00a0\u00bb _builder_version=\u00a0\u00bb4.27.4&Prime; _module_preset=\u00a0\u00bbdefault\u00a0\u00bb global_colors_info=\u00a0\u00bb{}\u00a0\u00bb][\/et_pb_image][\/et_pb_column][et_pb_column type=\u00a0\u00bb1_5&Prime; _builder_version=\u00a0\u00bb4.27.4&Prime; _module_preset=\u00a0\u00bbdefault\u00a0\u00bb global_colors_info=\u00a0\u00bb{}\u00a0\u00bb][et_pb_image src=\u00a0\u00bbhttps:\/\/www.loreillemusclee.com\/wp-content\/uploads\/2025\/09\/bouton-enregistrement-high.png\u00a0\u00bb title_text=\u00a0\u00bbEnregistrement audio \u00e0 Lachine\u00a0\u00bb url=\u00a0\u00bbhttps:\/\/www.loreillemusclee.com\/session-denregistrement-en-solo-ou-en-groupe-montreal-lachine\/\u00a0\u00bb url_new_window=\u00a0\u00bbon\u00a0\u00bb admin_label=\u00a0\u00bbEnregistrement Audio\u00a0\u00bb _builder_version=\u00a0\u00bb4.27.4&Prime; _module_preset=\u00a0\u00bbdefault\u00a0\u00bb global_colors_info=\u00a0\u00bb{}\u00a0\u00bb][\/et_pb_image][\/et_pb_column][et_pb_column type=\u00a0\u00bb1_5&Prime; _builder_version=\u00a0\u00bb4.27.4&Prime; _module_preset=\u00a0\u00bbdefault\u00a0\u00bb global_colors_info=\u00a0\u00bb{}\u00a0\u00bb][et_pb_image src=\u00a0\u00bbhttps:\/\/www.loreillemusclee.com\/wp-content\/uploads\/2025\/09\/bouton-vente-instrument.png\u00a0\u00bb title_text=\u00a0\u00bbVente d&rsquo;instrument et accessoires de musique \u00e0 Lachine\u00a0\u00bb url=\u00a0\u00bbhttps:\/\/www.loreillemusclee.com\/loreille-musclee-centre-musical-boutique\/\u00a0\u00bb url_new_window=\u00a0\u00bbon\u00a0\u00bb admin_label=\u00a0\u00bbVente d&rsquo;instruments\u00a0\u00bb _builder_version=\u00a0\u00bb4.27.4&Prime; _module_preset=\u00a0\u00bbdefault\u00a0\u00bb global_colors_info=\u00a0\u00bb{}\u00a0\u00bb][\/et_pb_image][\/et_pb_column][et_pb_column type=\u00a0\u00bb1_5&Prime; _builder_version=\u00a0\u00bb4.27.4&Prime; _module_preset=\u00a0\u00bbdefault\u00a0\u00bb global_colors_info=\u00a0\u00bb{}\u00a0\u00bb][et_pb_image src=\u00a0\u00bbhttps:\/\/www.loreillemusclee.com\/wp-content\/uploads\/2025\/09\/accompagnement-artistique.png\u00a0\u00bb title_text=\u00a0\u00bbaccompagnement artistique\u00a0\u00bb url=\u00a0\u00bbhttps:\/\/www.loreillemusclee.com\/entrevue-de-projet-musical-artistique\/\u00a0\u00bb url_new_window=\u00a0\u00bbon\u00a0\u00bb admin_label=\u00a0\u00bbAccompagnement artistique\u00a0\u00bb _builder_version=\u00a0\u00bb4.27.4&Prime; _module_preset=\u00a0\u00bbdefault\u00a0\u00bb global_colors_info=\u00a0\u00bb{}\u00a0\u00bb][\/et_pb_image][\/et_pb_column][\/et_pb_row][\/et_pb_section][et_pb_section fb_built=\u00a0\u00bb1&Prime; _builder_version=\u00a0\u00bb4.16&Prime; background_color=\u00a0\u00bb#000000&Prime; global_colors_info=\u00a0\u00bb{}\u00a0\u00bb][et_pb_row _builder_version=\u00a0\u00bb4.16&Prime; z_index_tablet=\u00a0\u00bb500&Prime; box_shadow_horizontal_tablet=\u00a0\u00bb0px\u00a0\u00bb box_shadow_vertical_tablet=\u00a0\u00bb0px\u00a0\u00bb box_shadow_blur_tablet=\u00a0\u00bb40px\u00a0\u00bb box_shadow_spread_tablet=\u00a0\u00bb0px\u00a0\u00bb global_colors_info=\u00a0\u00bb{}\u00a0\u00bb][et_pb_column type=\u00a0\u00bb4_4&Prime; _builder_version=\u00a0\u00bb4.16&Prime; background_color=\u00a0\u00bb#000000&Prime; z_index=\u00a0\u00bb9&Prime; custom_padding=\u00a0\u00bb|||\u00a0\u00bb background_color_gradient_direction_tablet=\u00a0\u00bb180deg\u00a0\u00bb background_color_gradient_direction_phone=\u00a0\u00bb180deg\u00a0\u00bb background_color_gradient_stops_tablet=\u00a0\u00bb#2b87da 0%|#29c4a9 100%\u00a0\u00bb background_color_gradient_stops_phone=\u00a0\u00bb#2b87da 0%|#29c4a9 100%\u00a0\u00bb background_color_gradient_start_position_tablet=\u00a0\u00bb0%\u00a0\u00bb background_color_gradient_start_position_phone=\u00a0\u00bb0%\u00a0\u00bb background_color_gradient_end_position_tablet=\u00a0\u00bb100%\u00a0\u00bb background_color_gradient_end_position_phone=\u00a0\u00bb100%\u00a0\u00bb z_index_tablet=\u00a0\u00bb9&Prime; z_index_phone=\u00a0\u00bb9&Prime; hover_transition_duration_tablet=\u00a0\u00bb300ms\u00a0\u00bb hover_transition_duration_phone=\u00a0\u00bb300ms\u00a0\u00bb hover_transition_delay_tablet=\u00a0\u00bb0ms\u00a0\u00bb hover_transition_delay_phone=\u00a0\u00bb0ms\u00a0\u00bb box_shadow_style=\u00a0\u00bbpreset3&Prime; box_shadow_horizontal_tablet=\u00a0\u00bb0px\u00a0\u00bb box_shadow_horizontal_phone=\u00a0\u00bb0px\u00a0\u00bb box_shadow_vertical_tablet=\u00a0\u00bb0px\u00a0\u00bb box_shadow_vertical_phone=\u00a0\u00bb0px\u00a0\u00bb box_shadow_blur_tablet=\u00a0\u00bb40px\u00a0\u00bb box_shadow_blur_phone=\u00a0\u00bb40px\u00a0\u00bb box_shadow_spread_tablet=\u00a0\u00bb0px\u00a0\u00bb box_shadow_spread_phone=\u00a0\u00bb0px\u00a0\u00bb disabled=\u00a0\u00bb%91object HTMLInputElement%93&Prime; global_colors_info=\u00a0\u00bb{}\u00a0\u00bb custom_padding__hover=\u00a0\u00bb|||\u00a0\u00bb][et_pb_video src=\u00a0\u00bbhttps:\/\/www.loreillemusclee.com\/wp-content\/uploads\/2023\/03\/FRANCAIS-OREILLE-MUSCLEE-SEBEDIT-MONTAGE-05-FEVRIER-2023_1.mp4&Prime; image_src=\u00a0\u00bbhttps:\/\/www.loreillemusclee.com\/wp-content\/uploads\/2021\/03\/image-musiciens-page-daccueil-1920&#215;1080-W.jpg\u00a0\u00bb _builder_version=\u00a0\u00bb4.19.4&Prime; _module_preset=\u00a0\u00bbdefault\u00a0\u00bb animation_style=\u00a0\u00bbflip\u00a0\u00bb global_colors_info=\u00a0\u00bb{}\u00a0\u00bb][\/et_pb_video][et_pb_audio audio=\u00a0\u00bbhttps:\/\/www.loreillemusclee.com\/wp-content\/uploads\/2019\/02\/Loreille-muscl\u00e9e-6-COMP.wav\u00a0\u00bb artist_name=\u00a0\u00bbCKVL\u00a0\u00bb _builder_version=\u00a0\u00bb4.16&Prime; title_level=\u00a0\u00bbh5&Prime; title_text_align=\u00a0\u00bbleft\u00a0\u00bb title_font_size=\u00a0\u00bb19px\u00a0\u00bb background_color=\u00a0\u00bb#000000&Prime; z_index_tablet=\u00a0\u00bb500&Prime; title_text_shadow_horizontal_length_tablet=\u00a0\u00bb0px\u00a0\u00bb title_text_shadow_vertical_length_tablet=\u00a0\u00bb0px\u00a0\u00bb title_text_shadow_blur_strength_tablet=\u00a0\u00bb1px\u00a0\u00bb caption_text_shadow_horizontal_length_tablet=\u00a0\u00bb0px\u00a0\u00bb caption_text_shadow_vertical_length_tablet=\u00a0\u00bb0px\u00a0\u00bb caption_text_shadow_blur_strength_tablet=\u00a0\u00bb1px\u00a0\u00bb box_shadow_horizontal_tablet=\u00a0\u00bb0px\u00a0\u00bb box_shadow_vertical_tablet=\u00a0\u00bb0px\u00a0\u00bb box_shadow_blur_tablet=\u00a0\u00bb40px\u00a0\u00bb box_shadow_spread_tablet=\u00a0\u00bb0px\u00a0\u00bb box_shadow_horizontal_image_tablet=\u00a0\u00bb0px\u00a0\u00bb box_shadow_vertical_image_tablet=\u00a0\u00bb0px\u00a0\u00bb box_shadow_blur_image_tablet=\u00a0\u00bb40px\u00a0\u00bb box_shadow_spread_image_tablet=\u00a0\u00bb0px\u00a0\u00bb text_shadow_horizontal_length_tablet=\u00a0\u00bb0px\u00a0\u00bb text_shadow_vertical_length_tablet=\u00a0\u00bb0px\u00a0\u00bb text_shadow_blur_strength_tablet=\u00a0\u00bb1px\u00a0\u00bb global_colors_info=\u00a0\u00bb{}\u00a0\u00bb][\/et_pb_audio][et_pb_toggle title=\u00a0\u00bbDEVENEZ MEMBRE\u00a0\u00bb closed_toggle_text_color=\u00a0\u00bb#ffffff\u00a0\u00bb closed_toggle_background_color=\u00a0\u00bb#f15a22&Prime; icon_color=\u00a0\u00bb#FFFFFF\u00a0\u00bb open_icon_color=\u00a0\u00bb#FFFFFF\u00a0\u00bb admin_label=\u00a0\u00bbBascule Devenir membre\u00a0\u00bb _builder_version=\u00a0\u00bb4.27.4&Prime; title_text_align=\u00a0\u00bbleft\u00a0\u00bb title_font_size=\u00a0\u00bb19&Prime; closed_title_text_align=\u00a0\u00bbleft\u00a0\u00bb body_text_color=\u00a0\u00bb#000000&Prime; text_orientation=\u00a0\u00bbleft\u00a0\u00bb z_index_tablet=\u00a0\u00bb500&Prime; title_text_shadow_horizontal_length_tablet=\u00a0\u00bb0px\u00a0\u00bb title_text_shadow_vertical_length_tablet=\u00a0\u00bb0px\u00a0\u00bb title_text_shadow_blur_strength_tablet=\u00a0\u00bb1px\u00a0\u00bb closed_title_text_shadow_horizontal_length_tablet=\u00a0\u00bb0px\u00a0\u00bb closed_title_text_shadow_vertical_length_tablet=\u00a0\u00bb0px\u00a0\u00bb closed_title_text_shadow_blur_strength_tablet=\u00a0\u00bb1px\u00a0\u00bb body_text_shadow_horizontal_length_tablet=\u00a0\u00bb0px\u00a0\u00bb body_text_shadow_vertical_length_tablet=\u00a0\u00bb0px\u00a0\u00bb body_text_shadow_blur_strength_tablet=\u00a0\u00bb1px\u00a0\u00bb body_link_text_shadow_horizontal_length_tablet=\u00a0\u00bb0px\u00a0\u00bb body_link_text_shadow_vertical_length_tablet=\u00a0\u00bb0px\u00a0\u00bb body_link_text_shadow_blur_strength_tablet=\u00a0\u00bb1px\u00a0\u00bb body_ul_text_shadow_horizontal_length_tablet=\u00a0\u00bb0px\u00a0\u00bb body_ul_text_shadow_vertical_length_tablet=\u00a0\u00bb0px\u00a0\u00bb body_ul_text_shadow_blur_strength_tablet=\u00a0\u00bb1px\u00a0\u00bb body_ol_text_shadow_horizontal_length_tablet=\u00a0\u00bb0px\u00a0\u00bb body_ol_text_shadow_vertical_length_tablet=\u00a0\u00bb0px\u00a0\u00bb body_ol_text_shadow_blur_strength_tablet=\u00a0\u00bb1px\u00a0\u00bb body_quote_text_shadow_horizontal_length_tablet=\u00a0\u00bb0px\u00a0\u00bb body_quote_text_shadow_vertical_length_tablet=\u00a0\u00bb0px\u00a0\u00bb body_quote_text_shadow_blur_strength_tablet=\u00a0\u00bb1px\u00a0\u00bb border_width_all=\u00a0\u00bb0px\u00a0\u00bb box_shadow_horizontal_tablet=\u00a0\u00bb0px\u00a0\u00bb box_shadow_vertical_tablet=\u00a0\u00bb0px\u00a0\u00bb box_shadow_blur_tablet=\u00a0\u00bb40px\u00a0\u00bb box_shadow_spread_tablet=\u00a0\u00bb0px\u00a0\u00bb text_shadow_horizontal_length_tablet=\u00a0\u00bb0px\u00a0\u00bb text_shadow_vertical_length_tablet=\u00a0\u00bb0px\u00a0\u00bb text_shadow_blur_strength_tablet=\u00a0\u00bb1px\u00a0\u00bb use_border_color=\u00a0\u00bboff\u00a0\u00bb global_module=\u00a0\u00bb7554&Prime; saved_tabs=\u00a0\u00bball\u00a0\u00bb global_colors_info=\u00a0\u00bb{}\u00a0\u00bb]<\/p>\n<h5>Vous devenez membre des studios de L&rsquo;Oreille Muscl\u00e9e Centre Musical d\u00e8s votre inscription \u00e0 l&rsquo;un de nos services.<\/h5>\n<p>En devenant membre :<\/p>\n<ul>\n<li>Vous recevez une cl\u00e9 d&rsquo;acc\u00e8s, ce qui vous rend autonome.<\/li>\n<li>Vous b\u00e9n\u00e9ficiez de rabais en boutique.<\/li>\n<li style=\"text-align: left;\">Pour les locations de studios de pratiques, <a href=\"https:\/\/www.loreillemusclee.com\/studios\/\">des gratuit\u00e9s sont offertes<\/a>.<\/li>\n<\/ul>\n<h3 style=\"text-align: left;\"><a href=\"https:\/\/www.loreillemusclee.com\/services-cours-enregistrements-studio-de-pratique-mixage-montreal-lachine\/\">D\u00e9couvrez nos services&#8230;<\/a><\/h3>\n<p>&nbsp;<\/p>\n<p>[\/et_pb_toggle][et_pb_button _builder_version=\u00a0\u00bb4.19.4&Prime; _module_preset=\u00a0\u00bbdefault\u00a0\u00bb global_colors_info=\u00a0\u00bb{}\u00a0\u00bb][\/et_pb_button][\/et_pb_column][\/et_pb_row][\/et_pb_section][et_pb_section fb_built=\u00a0\u00bb1&Prime; _builder_version=\u00a0\u00bb4.16&Prime; background_color=\u00a0\u00bb#000000&Prime; custom_margin_tablet=\u00a0\u00bb\u00a0\u00bb custom_margin_phone=\u00a0\u00bb\u00a0\u00bb custom_margin_last_edited=\u00a0\u00bbon|desktop\u00a0\u00bb z_index_tablet=\u00a0\u00bb500&Prime; box_shadow_horizontal_tablet=\u00a0\u00bb0px\u00a0\u00bb box_shadow_vertical_tablet=\u00a0\u00bb0px\u00a0\u00bb box_shadow_blur_tablet=\u00a0\u00bb40px\u00a0\u00bb box_shadow_spread_tablet=\u00a0\u00bb0px\u00a0\u00bb global_colors_info=\u00a0\u00bb{}\u00a0\u00bb][et_pb_row _builder_version=\u00a0\u00bb4.16&Prime; width=\u00a0\u00bb89%\u00a0\u00bb width_tablet=\u00a0\u00bb80%\u00a0\u00bb width_phone=\u00a0\u00bb\u00a0\u00bb width_last_edited=\u00a0\u00bbon|desktop\u00a0\u00bb max_width=\u00a0\u00bb89%\u00a0\u00bb max_width_tablet=\u00a0\u00bb80%\u00a0\u00bb max_width_phone=\u00a0\u00bb\u00a0\u00bb max_width_last_edited=\u00a0\u00bbon|desktop\u00a0\u00bb module_alignment=\u00a0\u00bbright\u00a0\u00bb z_index_tablet=\u00a0\u00bb500&Prime; box_shadow_horizontal_tablet=\u00a0\u00bb0px\u00a0\u00bb box_shadow_vertical_tablet=\u00a0\u00bb0px\u00a0\u00bb box_shadow_blur_tablet=\u00a0\u00bb40px\u00a0\u00bb box_shadow_spread_tablet=\u00a0\u00bb0px\u00a0\u00bb global_colors_info=\u00a0\u00bb{}\u00a0\u00bb][et_pb_column type=\u00a0\u00bb4_4&Prime; _builder_version=\u00a0\u00bb4.16&Prime; custom_padding=\u00a0\u00bb|||\u00a0\u00bb global_colors_info=\u00a0\u00bb{}\u00a0\u00bb custom_padding__hover=\u00a0\u00bb|||\u00a0\u00bb][et_pb_divider show_divider=\u00a0\u00bboff\u00a0\u00bb _builder_version=\u00a0\u00bb4.16&Prime; background_color=\u00a0\u00bb#000000&Prime; global_colors_info=\u00a0\u00bb{}\u00a0\u00bb][\/et_pb_divider][et_pb_text admin_label=\u00a0\u00bbconditions g\u00e9n\u00e9rales\u00a0\u00bb _builder_version=\u00a0\u00bb4.27.5&Prime; background_layout=\u00a0\u00bbdark\u00a0\u00bb hover_enabled=\u00a0\u00bb0&Prime; global_colors_info=\u00a0\u00bb{}\u00a0\u00bb sticky_enabled=\u00a0\u00bb0&Prime;]<\/p>\n<div class=\"col-sm-5\">\n<h4 style=\"text-align: center;\"><strong>\u00a9 2026 L&rsquo;Oreille Muscl\u00e9e Centre Musical\u00a0 \u00a0 \u00a0 \u00a0 \u00a0\u00a0<\/strong><\/h4>\n<\/div>\n<p>[\/et_pb_text][et_pb_divider show_divider=\u00a0\u00bboff\u00a0\u00bb _builder_version=\u00a0\u00bb4.27.5&Prime; background_color=\u00a0\u00bb#000000&Prime; hover_enabled=\u00a0\u00bb0&Prime; global_colors_info=\u00a0\u00bb{}\u00a0\u00bb sticky_enabled=\u00a0\u00bb0&Prime;][\/et_pb_divider][\/et_pb_column][\/et_pb_row][\/et_pb_section]<\/p>\n","protected":false},"excerpt":{"rendered":"<p>L\u2019Oreille Muscl\u00e9e Centre Musical Lieu de rencontres o\u00f9 la musique s\u2019apprend, se pratique et s&rsquo;enregistreVous devenez membre des studios de L&rsquo;Oreille Muscl\u00e9e Centre Musical d\u00e8s votre inscription \u00e0 l&rsquo;un de nos services. En devenant membre : Vous recevez une cl\u00e9 d&rsquo;acc\u00e8s, ce qui vous rend autonome. Vous b\u00e9n\u00e9ficiez de rabais en boutique. Pour les locations [&hellip;]<\/p>\n","protected":false},"author":1,"featured_media":13252,"parent":0,"menu_order":0,"comment_status":"closed","ping_status":"closed","template":"","meta":{"_et_pb_use_builder":"on","_et_pb_old_content":"<p>[et_pb_section fb_built=\"1\" fullwidth=\"on\" _builder_version=\"4.4.6\"][et_pb_fullwidth_header title_tablet=\"\" title_phone=\"\" title_last_edited=\"on|phone\" admin_label=\"En-t\u00eate plein \u00e9cran\" _builder_version=\"4.9.2\" title_text_align=\"center\" title_font_size=\"72px\" subhead_text_align=\"center\" subhead_font_size=\"28px\" subhead_line_height=\"1.1em\" background_color=\"#f15e22\" hover_enabled=\"0\" sticky_enabled=\"0\" title=\"La musique \u00e0 votre port\u00e9e, sous un m\u00eame toit!\" title__hover_enabled=\"on|desktop\"][\/et_pb_fullwidth_header][\/et_pb_section][et_pb_section fb_built=\"1\" _builder_version=\"3.22\"][et_pb_row column_structure=\"1_2,1_2\" _builder_version=\"3.25.1\" z_index_tablet=\"500\" box_shadow_horizontal_tablet=\"0px\" box_shadow_vertical_tablet=\"0px\" box_shadow_blur_tablet=\"40px\" box_shadow_spread_tablet=\"0px\"][et_pb_column type=\"1_2\" _builder_version=\"3.25\" background_color=\"#000000\" z_index=\"9\" custom_padding=\"|||\" background_color_gradient_direction_tablet=\"180deg\" background_color_gradient_direction_phone=\"180deg\" background_color_gradient_start_position_tablet=\"0%\" background_color_gradient_start_position_phone=\"0%\" background_color_gradient_end_position_tablet=\"100%\" background_color_gradient_end_position_phone=\"100%\" z_index_tablet=\"9\" z_index_phone=\"9\" hover_transition_duration_tablet=\"300ms\" hover_transition_duration_phone=\"300ms\" hover_transition_delay_tablet=\"0ms\" hover_transition_delay_phone=\"0ms\" box_shadow_style=\"preset3\" box_shadow_horizontal_tablet=\"0px\" box_shadow_horizontal_phone=\"0px\" box_shadow_vertical_tablet=\"0px\" box_shadow_vertical_phone=\"0px\" box_shadow_blur_tablet=\"40px\" box_shadow_blur_phone=\"40px\" box_shadow_spread_tablet=\"0px\" box_shadow_spread_phone=\"0px\" disabled=\"%91object HTMLInputElement%93\" custom_padding__hover=\"|||\"][et_pb_image src=\"https:\/\/www.loreillemusclee.com\/wp-content\/uploads\/2019\/06\/OM_bandeau.png\" force_fullwidth=\"on\" _builder_version=\"4.2\" background_color=\"#ffffff\" z_index_tablet=\"500\" box_shadow_horizontal_tablet=\"0px\" box_shadow_vertical_tablet=\"0px\" box_shadow_blur_tablet=\"40px\" box_shadow_spread_tablet=\"0px\"][\/et_pb_image][\/et_pb_column][et_pb_column type=\"1_2\" _builder_version=\"3.25\" custom_padding=\"|||\" custom_padding__hover=\"|||\"][et_pb_divider show_divider=\"off\" _builder_version=\"3.25.1\" z_index_tablet=\"500\" box_shadow_horizontal_tablet=\"0px\" box_shadow_vertical_tablet=\"0px\" box_shadow_blur_tablet=\"40px\" box_shadow_spread_tablet=\"0px\"][\/et_pb_divider][et_pb_toggle title=\"STUDIOS\" open_toggle_background_color=\"#000000\" icon_color=\"#000000\" use_icon_font_size=\"off\" admin_label=\"Bascule location studio\" _builder_version=\"4.9.2\" title_text_color=\"#ffffff\" closed_title_text_align=\"right\" background_color=\"#f15e22\" animation_style=\"fade\" animation_duration=\"150ms\" link_option_url=\"https:\/\/www.loreillemusclee.com\/location-de-studios-de-pratique\/\" hover_enabled=\"0\" z_index_tablet=\"500\" title_text_shadow_horizontal_length_tablet=\"0px\" title_text_shadow_vertical_length_tablet=\"0px\" title_text_shadow_blur_strength_tablet=\"1px\" closed_title_text_shadow_horizontal_length_tablet=\"0px\" closed_title_text_shadow_vertical_length_tablet=\"0px\" closed_title_text_shadow_blur_strength_tablet=\"1px\" body_text_shadow_horizontal_length_tablet=\"0px\" body_text_shadow_vertical_length_tablet=\"0px\" body_text_shadow_blur_strength_tablet=\"1px\" body_link_text_shadow_horizontal_length_tablet=\"0px\" body_link_text_shadow_vertical_length_tablet=\"0px\" body_link_text_shadow_blur_strength_tablet=\"1px\" body_ul_text_shadow_horizontal_length_tablet=\"0px\" body_ul_text_shadow_vertical_length_tablet=\"0px\" body_ul_text_shadow_blur_strength_tablet=\"1px\" body_ol_text_shadow_horizontal_length_tablet=\"0px\" body_ol_text_shadow_vertical_length_tablet=\"0px\" body_ol_text_shadow_blur_strength_tablet=\"1px\" body_quote_text_shadow_horizontal_length_tablet=\"0px\" body_quote_text_shadow_vertical_length_tablet=\"0px\" body_quote_text_shadow_blur_strength_tablet=\"1px\" border_width_all=\"0px\" box_shadow_style=\"preset3\" box_shadow_vertical_tablet=\"0px\" box_shadow_blur_tablet=\"40px\" box_shadow_spread_tablet=\"0px\" text_shadow_horizontal_length_tablet=\"0px\" text_shadow_vertical_length_tablet=\"0px\" text_shadow_blur_strength_tablet=\"1px\" sticky_enabled=\"0\"]<\/p><p><a href=\"https:\/\/www.loreillemusclee.com\/location-de-studios-de-pratique\/\"><strong>R\u00e9servation et tarifs<\/strong><\/a><\/p><p>[\/et_pb_toggle][et_pb_toggle title=\"COURS\" open_toggle_background_color=\"#ffffff\" icon_color=\"#000000\" admin_label=\"Bascule Cours de musique\" _builder_version=\"4.9.2\" title_text_color=\"#ffffff\" closed_title_text_align=\"right\" background_color=\"#f15e22\" animation_style=\"fade\" animation_duration=\"150ms\" link_option_url=\"https:\/\/www.loreillemusclee.com\/cours-de-musique\/\" hover_enabled=\"0\" z_index_tablet=\"500\" title_text_shadow_horizontal_length_tablet=\"0px\" title_text_shadow_vertical_length_tablet=\"0px\" title_text_shadow_blur_strength_tablet=\"1px\" closed_title_text_shadow_horizontal_length_tablet=\"0px\" closed_title_text_shadow_vertical_length_tablet=\"0px\" closed_title_text_shadow_blur_strength_tablet=\"1px\" body_text_shadow_horizontal_length_tablet=\"0px\" body_text_shadow_vertical_length_tablet=\"0px\" body_text_shadow_blur_strength_tablet=\"1px\" body_link_text_shadow_horizontal_length_tablet=\"0px\" body_link_text_shadow_vertical_length_tablet=\"0px\" body_link_text_shadow_blur_strength_tablet=\"1px\" body_ul_text_shadow_horizontal_length_tablet=\"0px\" body_ul_text_shadow_vertical_length_tablet=\"0px\" body_ul_text_shadow_blur_strength_tablet=\"1px\" body_ol_text_shadow_horizontal_length_tablet=\"0px\" body_ol_text_shadow_vertical_length_tablet=\"0px\" body_ol_text_shadow_blur_strength_tablet=\"1px\" body_quote_text_shadow_horizontal_length_tablet=\"0px\" body_quote_text_shadow_vertical_length_tablet=\"0px\" body_quote_text_shadow_blur_strength_tablet=\"1px\" border_width_all=\"0px\" box_shadow_style=\"preset3\" box_shadow_vertical_tablet=\"0px\" box_shadow_blur_tablet=\"40px\" box_shadow_spread_tablet=\"0px\" text_shadow_horizontal_length_tablet=\"0px\" text_shadow_vertical_length_tablet=\"0px\" text_shadow_blur_strength_tablet=\"1px\" sticky_enabled=\"0\"]<\/p><div class=\"et_pb_module et_pb_text et_pb_text_2 et_pb_bg_layout_light et_pb_text_align_left\"><h3 class=\"et_pb_text_inner\"><strong><a href=\"https:\/\/www.loreillemusclee.com\/musique-pour-les-tout-petits-5-mois-a-6-ans-lachine\/\">TOUT-PETITS<\/a><\/strong><\/h3><blockquote><p>Des cours d\u2019introduction au rythme pour s\u2019initier \u00e0 la musique avec des instruments et des chansons<strong>.<\/strong><\/p><\/blockquote><\/div><h3><strong><a href=\"https:\/\/www.loreillemusclee.com\/cours-de-musique\/\">\u00a0PARENT-ENFANT<\/a><\/strong><\/h3><blockquote><p>Le parent peut d\u00e9cider de suivre le cours de musique avec son enfant.<\/p><\/blockquote><h3><strong><a href=\"https:\/\/www.loreillemusclee.com\/cours-de-musique\/\">ADOS<\/a><\/strong><\/h3><div class=\"et_pb_module et_pb_text et_pb_text_4 et_pb_bg_layout_light et_pb_text_align_left\"><div class=\"et_pb_text_inner\"><blockquote><p>Des activit\u00e9s au go\u00fbt du jour pour les Ados.<\/p><\/blockquote><\/div><\/div><div class=\"et_pb_module et_pb_text et_pb_text_5 et_pb_bg_layout_light et_pb_text_align_left\"><h3 class=\"et_pb_text_inner\"><strong><a href=\"","_et_gb_content_width":"","footnotes":""},"class_list":["post-56","page","type-page","status-publish","has-post-thumbnail","hentry"],"_links":{"self":[{"href":"https:\/\/www.loreillemusclee.com\/en\/wp-json\/wp\/v2\/pages\/56","targetHints":{"allow":["GET"]}}],"collection":[{"href":"https:\/\/www.loreillemusclee.com\/en\/wp-json\/wp\/v2\/pages"}],"about":[{"href":"https:\/\/www.loreillemusclee.com\/en\/wp-json\/wp\/v2\/types\/page"}],"author":[{"embeddable":true,"href":"https:\/\/www.loreillemusclee.com\/en\/wp-json\/wp\/v2\/users\/1"}],"replies":[{"embeddable":true,"href":"https:\/\/www.loreillemusclee.com\/en\/wp-json\/wp\/v2\/comments?post=56"}],"version-history":[{"count":474,"href":"https:\/\/www.loreillemusclee.com\/en\/wp-json\/wp\/v2\/pages\/56\/revisions"}],"predecessor-version":[{"id":24448,"href":"https:\/\/www.loreillemusclee.com\/en\/wp-json\/wp\/v2\/pages\/56\/revisions\/24448"}],"wp:featuredmedia":[{"embeddable":true,"href":"https:\/\/www.loreillemusclee.com\/en\/wp-json\/wp\/v2\/media\/13252"}],"wp:attachment":[{"href":"https:\/\/www.loreillemusclee.com\/en\/wp-json\/wp\/v2\/media?parent=56"}],"curies":[{"name":"wp","href":"https:\/\/api.w.org\/{rel}","templated":true}]}}